{"id":3006,"date":"2020-08-14T16:42:28","date_gmt":"2020-08-14T16:42:28","guid":{"rendered":"http:\/\/www.fugar.com\/?page_id=3006"},"modified":"2020-10-01T07:59:56","modified_gmt":"2020-10-01T07:59:56","slug":"chimenea-metalica-de-diseno-monet","status":"publish","type":"page","link":"https:\/\/www.fugar.com\/ca\/chimenea-metalica-de-diseno-monet\/","title":{"rendered":"Chimenea met\u00e1lica de dise\u00f1o Monet"},"content":{"rendered":"<p><div class=\"fusion-fullwidth fullwidth-box fusion-builder-row-1 nonhundred-percent-fullwidth non-hundred-percent-height-scrolling\" style=\"--awb-border-radius-top-left:0px;--awb-border-radius-top-right:0px;--awb-border-radius-bottom-right:0px;--awb-border-radius-bottom-left:0px;--awb-padding-right:0px;--awb-padding-left:0px;--awb-margin-top:0px;--awb-background-color:#000000;--awb-flex-wrap:wrap;\" ><div class=\"fusion-builder-row fusion-row\"><div class=\"fusion-layout-column fusion_builder_column fusion-builder-column-0 fusion_builder_column_1_1 1_1 fusion-one-full fusion-column-first fusion-column-last\" style=\"--awb-bg-size:cover;--awb-margin-bottom:0px;\"><div class=\"fusion-column-wrapper fusion-column-has-shadow fusion-flex-column-wrapper-legacy\"><div class=\"fusion-text fusion-text-1\"><p><h3><center><span style=\"color: white;\">LLAR DE FOC MET\u00c0L\u00b7LICA DE DISSENY MONET <\/span><\/center><\/p>\n<\/div><div class=\"fusion-clearfix\"><\/div><\/div><\/div><\/div><\/div><div class=\"fusion-fullwidth fullwidth-box fusion-builder-row-2 nonhundred-percent-fullwidth non-hundred-percent-height-scrolling\" style=\"--awb-background-position:left top;--awb-border-radius-top-left:0px;--awb-border-radius-top-right:0px;--awb-border-radius-bottom-right:0px;--awb-border-radius-bottom-left:0px;--awb-padding-top:0px;--awb-padding-bottom:130px;--awb-margin-top:0px;--awb-border-sizes-top:0px;--awb-border-sizes-bottom:0px;--awb-flex-wrap:wrap;\" ><div class=\"fusion-builder-row fusion-row\"><div class=\"fusion-layout-column fusion_builder_column fusion-builder-column-1 fusion_builder_column_1_2 1_2 fusion-one-half fusion-column-first\" style=\"--awb-bg-color:#ededed;--awb-bg-color-hover:#ededed;--awb-bg-size:cover;--awb-margin-top:14px;width:48%; margin-right: 4%;\"><div class=\"fusion-column-wrapper fusion-flex-column-wrapper-legacy\"><div class=\"fusion-text fusion-text-2\"><h4><span style=\"font-size: 20px;\">El ferro i el metall modelats fins a aconseguir un disseny i unes formes particulars, circulars i cubistes. Disposa d'una obertura lateral que us proporciona una \u00e0mplia visi\u00f3 de les flames i afavoreix qualsevol ubicaci\u00f3.<\/span><\/h4>\n<p style=\"font-size: 15px; line-height: 33px; letter-spacing: normal; font-family: Montserrat; font-weight: 200;\" data-fusion-font=\"true\" data-fusion-google-font=\"Montserrat\" data-fusion-google-variant=\"200\" data-fusion-google-subset=\"latin\">Ofereix un peu de suport molt pr\u00e0ctic i \u00e9s ideal per a qualsevol frontal, rac\u00f3 o posici\u00f3 central de l'estada.<\/p>\n<\/div><div class=\"fusion-clearfix\"><\/div><\/div><\/div><div class=\"fusion-layout-column fusion_builder_column fusion-builder-column-2 fusion_builder_column_1_2 1_2 fusion-one-half fusion-column-last\" style=\"--awb-bg-color:#ffffff;--awb-bg-color-hover:#ffffff;--awb-bg-size:cover;--awb-margin-top:35px;--awb-margin-bottom:0px;width:48%;\"><div class=\"fusion-column-wrapper fusion-flex-column-wrapper-legacy\"><div class=\"fusion-image-element in-legacy-container\" style=\"--awb-caption-title-font-family:var(--h2_typography-font-family);--awb-caption-title-font-weight:var(--h2_typography-font-weight);--awb-caption-title-font-style:var(--h2_typography-font-style);--awb-caption-title-size:var(--h2_typography-font-size);--awb-caption-title-transform:var(--h2_typography-text-transform);--awb-caption-title-line-height:var(--h2_typography-line-height);--awb-caption-title-letter-spacing:var(--h2_typography-letter-spacing);\"><span class=\"fusion-imageframe imageframe-none imageframe-1 hover-type-none\"><img decoding=\"async\" width=\"600\" height=\"400\" title=\"VISIO\u0301N MONET SLIDER FUGAR 1P\" src=\"http:\/\/www.fugar.com\/wp-content\/uploads\/2020\/06\/VISIO\u0301N-MONET-SLIDER-FUGAR-1P.jpg\" class=\"img-responsive wp-image-2345\" srcset=\"https:\/\/www.fugar.com\/wp-content\/uploads\/2020\/06\/VISIO\u0301N-MONET-SLIDER-FUGAR-1P-200x133.jpg 200w, https:\/\/www.fugar.com\/wp-content\/uploads\/2020\/06\/VISIO\u0301N-MONET-SLIDER-FUGAR-1P-400x267.jpg 400w, https:\/\/www.fugar.com\/wp-content\/uploads\/2020\/06\/VISIO\u0301N-MONET-SLIDER-FUGAR-1P.jpg 600w\" sizes=\"(max-width: 800px) 100vw, 600px\" alt=\"\"><\/span><\/div><div class=\"fusion-sep-clear\"><\/div><div class=\"fusion-separator fusion-full-width-sep\" style=\"margin-left: auto;margin-right: auto;width:100%;\"><div class=\"fusion-separator-border sep-double\" style=\"--awb-height:20px;--awb-amount:20px;border-color:#e0dede;border-top-width:1px;border-bottom-width:1px;\"><\/div><\/div><div class=\"fusion-sep-clear\"><\/div><div class=\"fusion-align-block\"><a class=\"fusion-button button-flat button-medium button-custom fusion-button-default button-1 fusion-button-span-yes fusion-button-default-type fusion-has-button-gradient\" style=\"--button_accent_color:rgba(255,255,255,0.75);--button_accent_hover_color:rgba(255,255,255,0.9);--button_border_hover_color:rgba(255,255,255,0.9);--button-border-radius-top-left:1px;--button-border-radius-top-right:1px;--button-border-radius-bottom-right:1px;--button-border-radius-bottom-left:1px;--button_gradient_top_color:#000000;--button_gradient_bottom_color:#000000;--button_gradient_top_color_hover:#afafaf;--button_gradient_bottom_color_hover:rgba(255,255,255,0.035);\" target=\"_self\" href=\"http:\/\/www.fugar.com\/ca\/contacto\/\"><span class=\"fusion-button-text\">SOL\u00b7LICITA M\u00c9S INFORMACI\u00d3<\/span><\/a><\/div><div class=\"fusion-text fusion-text-3\"><div style=\"padding: 25px;\">\n<p style=\"font-size: 14px; line-height: 34px; font-family: Montserrat; font-weight: 500;\" data-fusion-font=\"true\" data-fusion-google-font=\"Montserrat\" data-fusion-google-variant=\"500\" data-fusion-google-subset=\"latin\">La GAMMA D'AUTOR de Fugar Xemeneies apunta cap a la personalitzaci\u00f3 d'un disseny exclusiu. Incorporem el disseny a l'espai, creem un equilibri i una harmonia visual i emocional amb la decoraci\u00f3, el mobiliari, l'arquitectura i el paisatge.<\/p>\n<p style=\"font-size: 14px; line-height: 34px; font-family: Montserrat; font-weight: 500;\" data-fusion-font=\"true\" data-fusion-google-font=\"Montserrat\" data-fusion-google-variant=\"500\" data-fusion-google-subset=\"latin\">Les LLARS DE FOC MET\u00c0L\u00b7LIQUES DE DISSENY s\u00f3n models \u00fanics i singulars d'un excel\u00b7lent acabat est\u00e8tic i amb unes altes propietats t\u00e8cniques i funcionals. S\u00f3n llars de foc de l\u00ednies avantguardistes i contempor\u00e0nies, que tenen com a valor afegit l'adaptaci\u00f3 de l'altura i de l'empla\u00e7ament mitjan\u00e7ant elements personalitzables.<\/p>\n<p style=\"font-size: 14px; line-height: 34px; font-family: Montserrat; font-weight: 500;\" data-fusion-font=\"true\" data-fusion-google-font=\"Montserrat\" data-fusion-google-variant=\"500\" data-fusion-google-subset=\"latin\">En aquesta l\u00ednia reinventem el concepte de xemeneia tradicional. Cada pe\u00e7a es converteix en element decoratiu de primer ordre, a m\u00e9s de ser un punt de llum i calor. La decoraci\u00f3 de l'empla\u00e7ament s'al\u00e7a com una \u00fanica i aut\u00e8ntica protagonista.<\/p>\n<\/div>\n<\/div><div class=\"fusion-clearfix\"><\/div><\/div><\/div><\/div><\/div><div class=\"fusion-fullwidth fullwidth-box fusion-builder-row-3 fusion-parallax-none nonhundred-percent-fullwidth non-hundred-percent-height-scrolling\" style=\"--link_hover_color: rgba(0,0,0,0);--link_color: rgba(147,147,147,0);--awb-border-radius-top-left:0px;--awb-border-radius-top-right:0px;--awb-border-radius-bottom-right:0px;--awb-border-radius-bottom-left:0px;--awb-padding-top:34px;--awb-padding-bottom:50px;--awb-margin-top:0px;--awb-margin-bottom:0px;--awb-background-image:url(&quot;http:\/\/www.fugar.com\/wp-content\/uploads\/2020\/08\/fondo-medida-scaled.jpg&quot;);--awb-background-size:cover;--awb-border-sizes-top:0px;--awb-border-sizes-bottom:0px;--awb-flex-wrap:wrap;\" ><div class=\"fusion-builder-row fusion-row\"><div class=\"fusion-layout-column fusion_builder_column fusion-builder-column-3 fusion_builder_column_1_4 1_4 fusion-one-fourth fusion-column-first\" style=\"--awb-padding-top:1px;--awb-padding-right:1px;--awb-padding-bottom:9px;--awb-padding-left:1px;--awb-overflow:hidden;--awb-bg-position:right center;--awb-bg-size:cover;--awb-border-color:#ffffff;--awb-border-top:1px;--awb-border-right:1px;--awb-border-bottom:1px;--awb-border-left:1px;--awb-border-style:solid;--awb-border-radius:1px 1px 1px 1px;--awb-margin-bottom:0px;width:22%; margin-right: 4%;\"><div class=\"fusion-column-wrapper fusion-column-has-shadow fusion-flex-column-wrapper-legacy\"><div class=\"fusion-text fusion-text-4\"><h5 style=\"text-align: center;\"><span style=\"color: #ffffff;\">MESURA<\/span><\/h5>\n<\/div><div class=\"fusion-text fusion-text-5\"><h3 style=\"text-align: center;\"><span style=\"color: #ffffff;\">MONET<\/span><\/h3>\n<\/div><div class=\"fusion-aligncenter\"><a class=\"fusion-button button-flat button-medium button-custom fusion-button-default button-2 fusion-button-default-span fusion-button-default-type\" style=\"--button_accent_color:rgba(255,255,255,0.75);--button_accent_hover_color:rgba(255,255,255,0.9);--button_border_hover_color:rgba(255,255,255,0.9);--button_border_width-top:2px;--button_border_width-right:2px;--button_border_width-bottom:2px;--button_border_width-left:2px;--button-border-radius-top-left:0;--button-border-radius-top-right:0;--button-border-radius-bottom-right:0;--button-border-radius-bottom-left:0;--button_gradient_top_color:rgba(255,255,255,0);--button_gradient_bottom_color:rgba(255,255,255,0);--button_gradient_top_color_hover:rgba(255,255,255,0.035);--button_gradient_bottom_color_hover:rgba(255,255,255,0.035);\" target=\"lightbox\" rel=\"iLightbox\" href=\"http:\/\/www.fugar.com\/wp-content\/uploads\/2020\/09\/ficha-te\u0301cnica-MONET-scaled.jpg\"><span class=\"fusion-button-text\">VEURE FITXA T\u00c8CNICA<\/span><\/a><\/div><div class=\"fusion-clearfix\"><\/div><\/div><\/div><\/div><\/div><\/p>","protected":false},"excerpt":{"rendered":"","protected":false},"author":1,"featured_media":0,"parent":0,"menu_order":0,"comment_status":"closed","ping_status":"open","template":"100-width.php","meta":{"_bbp_topic_count":0,"_bbp_reply_count":0,"_bbp_total_topic_count":0,"_bbp_total_reply_count":0,"_bbp_voice_count":0,"_bbp_anonymous_reply_count":0,"_bbp_topic_count_hidden":0,"_bbp_reply_count_hidden":0,"_bbp_forum_subforum_count":0,"footnotes":""},"class_list":["post-3006","page","type-page","status-publish","hentry"],"amp_enabled":false,"_links":{"self":[{"href":"https:\/\/www.fugar.com\/ca\/wp-json\/wp\/v2\/pages\/3006","targetHints":{"allow":["GET"]}}],"collection":[{"href":"https:\/\/www.fugar.com\/ca\/wp-json\/wp\/v2\/pages"}],"about":[{"href":"https:\/\/www.fugar.com\/ca\/wp-json\/wp\/v2\/types\/page"}],"author":[{"embeddable":true,"href":"https:\/\/www.fugar.com\/ca\/wp-json\/wp\/v2\/users\/1"}],"replies":[{"embeddable":true,"href":"https:\/\/www.fugar.com\/ca\/wp-json\/wp\/v2\/comments?post=3006"}],"version-history":[{"count":14,"href":"https:\/\/www.fugar.com\/ca\/wp-json\/wp\/v2\/pages\/3006\/revisions"}],"predecessor-version":[{"id":3579,"href":"https:\/\/www.fugar.com\/ca\/wp-json\/wp\/v2\/pages\/3006\/revisions\/3579"}],"wp:attachment":[{"href":"https:\/\/www.fugar.com\/ca\/wp-json\/wp\/v2\/media?parent=3006"}],"curies":[{"name":"wp","href":"https:\/\/api.w.org\/{rel}","templated":true}]}}