{"id":3399,"date":"2020-09-17T17:02:27","date_gmt":"2020-09-17T17:02:27","guid":{"rendered":"http:\/\/www.fugar.com\/?page_id=3399"},"modified":"2022-10-04T08:29:08","modified_gmt":"2022-10-04T08:29:08","slug":"chimenea-vision-tres-caras-plus","status":"publish","type":"page","link":"https:\/\/www.fugar.com\/ca\/chimenea-vision-tres-caras-plus\/","title":{"rendered":"Chimenea vision tres caras PLUS"},"content":{"rendered":"<p><div class=\"fusion-fullwidth fullwidth-box fusion-builder-row-1 nonhundred-percent-fullwidth non-hundred-percent-height-scrolling\" style=\"--awb-border-radius-top-left:0px;--awb-border-radius-top-right:0px;--awb-border-radius-bottom-right:0px;--awb-border-radius-bottom-left:0px;--awb-margin-bottom:0px;--awb-background-color:#000000;--awb-flex-wrap:wrap;\" ><div class=\"fusion-builder-row fusion-row\"><div class=\"fusion-layout-column fusion_builder_column fusion-builder-column-0 fusion_builder_column_1_1 1_1 fusion-one-full fusion-column-first fusion-column-last\" style=\"--awb-bg-size:cover;--awb-margin-bottom:0px;\"><div class=\"fusion-column-wrapper fusion-column-has-shadow fusion-flex-column-wrapper-legacy\"><div class=\"fusion-column-content-centered\"><div class=\"fusion-column-content\"><div class=\"fusion-title title fusion-title-1 fusion-sep-none fusion-title-text fusion-title-size-one\"><h1 class=\"fusion-title-heading title-heading-left fusion-responsive-typography-calculated\" style=\"margin:0;--fontSize:60;line-height:1.33;\"><h3><center><span style=\"color: #ffffff;\">LLAR DE FOC VISI\u00d3 TRES CARES PLUS<\/span><\/center><\/h1><\/div><\/div><\/div><div class=\"fusion-clearfix\"><\/div><\/div><\/div><\/div><\/div><div class=\"fusion-fullwidth fullwidth-box fusion-builder-row-2 nonhundred-percent-fullwidth non-hundred-percent-height-scrolling\" style=\"--awb-background-position:left top;--awb-border-radius-top-left:0px;--awb-border-radius-top-right:0px;--awb-border-radius-bottom-right:0px;--awb-border-radius-bottom-left:0px;--awb-padding-top:0px;--awb-padding-bottom:130px;--awb-margin-top:0px;--awb-border-sizes-top:0px;--awb-border-sizes-bottom:0px;--awb-flex-wrap:wrap;\" ><div class=\"fusion-builder-row fusion-row\"><div class=\"fusion-layout-column fusion_builder_column fusion-builder-column-1 fusion_builder_column_1_2 1_2 fusion-one-half fusion-column-first\" style=\"--awb-bg-color:#ededed;--awb-bg-color-hover:#ededed;--awb-bg-size:cover;width:48%; margin-right: 4%;\"><div class=\"fusion-column-wrapper fusion-flex-column-wrapper-legacy\"><div class=\"fusion-text fusion-text-1\"><\/h3>\n<h3><em><span style=\"font-size: 20px;\" data-fusion-font=\"true\">Incorpora:<\/span><\/em><\/h3>\n<p style=\"font-size: 15px; line-height: 33px; letter-spacing: normal; font-family: Montserrat; font-weight: 200;\" data-fusion-font=\"true\" data-fusion-google-font=\"Montserrat\" data-fusion-google-variant=\"200\" data-fusion-google-subset=\"latin\">\u2022 Porta amb el sistema d'obertura guillotina o escamotejable que pugen els TRES vidres junts i alhora, obertura batent els dos vidres laterals i tancament amb sistema magn\u00e8tic.<\/p>\n<h3><em><span style=\"font-size: 20px;\" data-fusion-font=\"true\">Opcionalment poden incorporar:<\/span><\/em><\/h3>\n<p style=\"font-size: 15px; line-height: 29px; letter-spacing: normal; font-family: Montserrat; font-weight: 200;\" data-fusion-font=\"true\" data-fusion-google-font=\"Montserrat\" data-fusion-google-variant=\"200\" data-fusion-google-subset=\"latin\"><span style=\"line-height: 33px;\" data-fusion-font=\"true\">\u2022 Cambra d'aire per millorar la convecci\u00f3 natural i facilitar-ne el muntatge, totalment recomanable.<\/span><br \/>\n<span style=\"line-height: 33px;\" data-fusion-font=\"true\"><br \/>\n\u2022 Cambra d'aire preparada per a convecci\u00f3 for\u00e7ada i turbina de 430 m3\/h amb centraleta, term\u00f2stat i comandament a dist\u00e0ncia, per enviar l'aire calent m\u00e9s lluny, m\u00e9s r\u00e0pid.<\/span><br \/>\n<span style=\"line-height: 33px;\" data-fusion-font=\"true\"><br \/>\n\u2022 Marc perimetral embellidor per rematar el pladur, obra i facilitar-ne el muntatge, totalment recomanable.<\/span><br \/>\n<span style=\"line-height: 33px;\" data-fusion-font=\"true\"><br \/>\n\u2022 Marc perimetral ocult per rematar el pladur, obra i facilitar-ne el muntatge.<\/span><br \/>\n<span style=\"line-height: 33px;\" data-fusion-font=\"true\"><br \/>\n\u2022 En estar constru\u00efdes totes les xemeneies monoblocs llars panor\u00e0miques VISION per permetre'ns gaudir del foc tancat o obert si ens ve de gust i, segons el seu empla\u00e7ament i connotacions, poden incorporar una presa per a entrada d'aire primari exterior, totalment personalitzada.<\/span><br \/>\n<span style=\"line-height: 33px;\" data-fusion-font=\"true\"><br \/>\n<span style=\"font-size: 15px; line-height: 33px;\" data-fusion-font=\"true\">\u2022 Base suport regulable en al\u00e7ada i totalment personalitzada.<\/span><\/span><\/p>\n<h3><em><span style=\"font-size: 20px;\" data-fusion-font=\"true\">Observacions:<\/span><\/em><\/h3>\n<p style=\"font-size: 15px; line-height: 33px; letter-spacing: normal; font-family: Montserrat; font-weight: 200;\" data-fusion-font=\"true\" data-fusion-google-font=\"Montserrat\" data-fusion-google-variant=\"200\" data-fusion-google-subset=\"latin\">\u2022 En cas de voler gaudir del foc sempre tancat, es pot suprimir el sistema d'obertura guillotina o escamotejable.<\/p>\n<\/div><div class=\"fusion-image-element in-legacy-container\" style=\"--awb-caption-title-font-family:var(--h2_typography-font-family);--awb-caption-title-font-weight:var(--h2_typography-font-weight);--awb-caption-title-font-style:var(--h2_typography-font-style);--awb-caption-title-size:var(--h2_typography-font-size);--awb-caption-title-transform:var(--h2_typography-text-transform);--awb-caption-title-line-height:var(--h2_typography-line-height);--awb-caption-title-letter-spacing:var(--h2_typography-letter-spacing);\"><span class=\"fusion-imageframe imageframe-none imageframe-1 hover-type-none\"><img decoding=\"async\" width=\"1333\" height=\"550\" title=\"A MEDIDA CHIMENEAS\" src=\"https:\/\/www.fugar.com\/wp-content\/uploads\/2020\/08\/A-MEDIDA-CHIMENEAS-1.jpg\" class=\"img-responsive wp-image-2874\" srcset=\"https:\/\/www.fugar.com\/wp-content\/uploads\/2020\/08\/A-MEDIDA-CHIMENEAS-1-200x83.jpg 200w, https:\/\/www.fugar.com\/wp-content\/uploads\/2020\/08\/A-MEDIDA-CHIMENEAS-1-400x165.jpg 400w, https:\/\/www.fugar.com\/wp-content\/uploads\/2020\/08\/A-MEDIDA-CHIMENEAS-1-600x248.jpg 600w, https:\/\/www.fugar.com\/wp-content\/uploads\/2020\/08\/A-MEDIDA-CHIMENEAS-1-800x330.jpg 800w, https:\/\/www.fugar.com\/wp-content\/uploads\/2020\/08\/A-MEDIDA-CHIMENEAS-1-1200x495.jpg 1200w, https:\/\/www.fugar.com\/wp-content\/uploads\/2020\/08\/A-MEDIDA-CHIMENEAS-1.jpg 1333w\" sizes=\"(max-width: 800px) 100vw, 600px\" alt=\"\"><\/span><\/div><div class=\"fusion-align-block\"><a class=\"fusion-button button-flat button-medium button-custom fusion-button-default button-1 fusion-button-span-yes fusion-button-default-type fusion-has-button-gradient\" style=\"--button_accent_color:rgba(255,255,255,0.75);--button_accent_hover_color:rgba(255,255,255,0.9);--button_border_hover_color:rgba(255,255,255,0.9);--button-border-radius-top-left:1px;--button-border-radius-top-right:1px;--button-border-radius-bottom-right:1px;--button-border-radius-bottom-left:1px;--button_gradient_top_color:#000000;--button_gradient_bottom_color:#000000;--button_gradient_top_color_hover:#afafaf;--button_gradient_bottom_color_hover:rgba(255,255,255,0.035);\" target=\"_self\" href=\"https:\/\/www.fugar.com\/ca\/contacto\/\"><span class=\"fusion-button-text\">LES FEM A LA MESURA QUE NECESSITIS! DEMANA PRESSUPOST<\/span><\/a><\/div><div class=\"fusion-clearfix\"><\/div><\/div><\/div><div class=\"fusion-layout-column fusion_builder_column fusion-builder-column-2 fusion_builder_column_1_2 1_2 fusion-one-half fusion-column-last\" style=\"--awb-bg-color:#ffffff;--awb-bg-color-hover:#ffffff;--awb-bg-size:cover;--awb-margin-top:35px;--awb-margin-bottom:0px;width:48%;\"><div class=\"fusion-column-wrapper fusion-flex-column-wrapper-legacy\"><div class=\"fusion-image-element in-legacy-container\" style=\"--awb-caption-title-font-family:var(--h2_typography-font-family);--awb-caption-title-font-weight:var(--h2_typography-font-weight);--awb-caption-title-font-style:var(--h2_typography-font-style);--awb-caption-title-size:var(--h2_typography-font-size);--awb-caption-title-transform:var(--h2_typography-text-transform);--awb-caption-title-line-height:var(--h2_typography-line-height);--awb-caption-title-letter-spacing:var(--h2_typography-letter-spacing);\"><span class=\"fusion-imageframe imageframe-none imageframe-2 hover-type-none\"><img decoding=\"async\" width=\"555\" height=\"413\" title=\"9999\" src=\"https:\/\/www.fugar.com\/wp-content\/uploads\/2020\/09\/9999.jpg\" class=\"img-responsive wp-image-3402\" srcset=\"https:\/\/www.fugar.com\/wp-content\/uploads\/2020\/09\/9999-200x149.jpg 200w, https:\/\/www.fugar.com\/wp-content\/uploads\/2020\/09\/9999-400x298.jpg 400w, https:\/\/www.fugar.com\/wp-content\/uploads\/2020\/09\/9999.jpg 555w\" sizes=\"(max-width: 800px) 100vw, 555px\" alt=\"\"><\/span><\/div><div class=\"fusion-sep-clear\"><\/div><div class=\"fusion-separator fusion-full-width-sep\" style=\"margin-left: auto;margin-right: auto;width:100%;\"><div class=\"fusion-separator-border sep-double\" style=\"--awb-height:20px;--awb-amount:20px;border-color:#e0dede;border-top-width:1px;border-bottom-width:1px;\"><\/div><\/div><div class=\"fusion-sep-clear\"><\/div><div class=\"fusion-align-block\"><a class=\"fusion-button button-flat button-medium button-custom fusion-button-default button-2 fusion-button-span-yes fusion-button-default-type fusion-has-button-gradient\" style=\"--button_accent_color:rgba(255,255,255,0.75);--button_accent_hover_color:rgba(255,255,255,0.9);--button_border_hover_color:rgba(255,255,255,0.9);--button-border-radius-top-left:1px;--button-border-radius-top-right:1px;--button-border-radius-bottom-right:1px;--button-border-radius-bottom-left:1px;--button_gradient_top_color:#000000;--button_gradient_bottom_color:#000000;--button_gradient_top_color_hover:#afafaf;--button_gradient_bottom_color_hover:rgba(255,255,255,0.035);\" target=\"_self\" href=\"https:\/\/www.fugar.com\/ca\/contacto\/\"><span class=\"fusion-button-text\">SOL\u00b7LICITA M\u00c9S INFORMACI\u00d3<\/span><\/a><\/div><div class=\"fusion-text fusion-text-2\"><div style=\"padding: 25px;\">\n<p style=\"font-size: 14px; line-height: 34px; font-family: Montserrat; font-weight: 500;\" data-fusion-font=\"true\" data-fusion-google-font=\"Montserrat\" data-fusion-google-variant=\"500\" data-fusion-google-subset=\"latin\">Les XEMENEIES MONOBLOCS LLARS PANOR\u00c0MIQUES VISION s\u00f3n monoblocs constru\u00efts en acer i les seves cambres de combusti\u00f3 estan recobertes amb plaques d'acer refor\u00e7at. Totes incorporen portes de vidre vitrocer\u00e0mic amb el sistema d'obertura GUILLOTINA O ESCAMOTEABLE per permetre'ns gaudir<\/p>\n<p style=\"font-size: 14px; line-height: 34px; font-family: Montserrat; font-weight: 500;\" data-fusion-font=\"true\" data-fusion-google-font=\"Montserrat\" data-fusion-google-variant=\"500\" data-fusion-google-subset=\"latin\">del foc tancat o obert si ens ve de gust. Els passos de les sortides de fums estan dissenyats per fer-ho. Alhora, totes les portes permeten la seva obertura de forma batent convencional o b\u00e9 oscil\u00b7lo batent a les de gran format, per facilitar la neteja dels vidres. Incorporen tancaments amb sistema magn\u00e8tic. Amb la porta tancada la VISI\u00d3 de la flama continua sent \u00e0mplia gr\u00e0cies als perfils m\u00ednims en els marcs de les portes i en l'abs\u00e8ncia de qualsevol d'ells entre els dos o tres vidres dels models LATERALS O TRES CARES. Els cendrers encastats a la base augmenten la sensaci\u00f3 de VISI\u00d3 de la flama i faciliten la neteja de la cendra. Disposem d'una s\u00e8rie de models que es podrien considerar com a est\u00e0ndards<\/p>\n<p style=\"font-size: 14px; line-height: 34px; font-family: Montserrat; font-weight: 500;\" data-fusion-font=\"true\" data-fusion-google-font=\"Montserrat\" data-fusion-google-variant=\"500\" data-fusion-google-subset=\"latin\">per les seves mesures concretes per\u00f2, seguint la nostra filosofia d'ATELIER DE LA LLAR DE FOC d'adaptar la xemeneia a l'empla\u00e7ament, no l'empla\u00e7ament a la xemeneia, la gran virtut del sistema de construcci\u00f3 de les XEMENEIES MONOBLOQUES LLARS PANORAMICOS VISION \u00e9s que ens permet la seva PERSONALITZACI\u00d3 100% adaptant-les a aquests empla\u00e7aments i\/o al PROJECTE dissenyat com a recobriment d'acabat de la xemeneia i del seu entorn.<\/p>\n<\/div>\n<\/div><div class=\"fusion-clearfix\"><\/div><\/div><\/div><\/div><\/div><div class=\"fusion-fullwidth fullwidth-box fusion-builder-row-3 fusion-parallax-none nonhundred-percent-fullwidth non-hundred-percent-height-scrolling\" style=\"--link_hover_color: rgba(0,0,0,0);--link_color: rgba(147,147,147,0);--awb-border-radius-top-left:0px;--awb-border-radius-top-right:0px;--awb-border-radius-bottom-right:0px;--awb-border-radius-bottom-left:0px;--awb-padding-top:34px;--awb-padding-bottom:50px;--awb-margin-top:0px;--awb-margin-bottom:0px;--awb-background-image:url(&quot;https:\/\/www.fugar.com\/wp-content\/uploads\/2020\/08\/fondo-medida-scaled.jpg&quot;);--awb-background-size:cover;--awb-border-sizes-top:0px;--awb-border-sizes-bottom:0px;--awb-flex-wrap:wrap;\" ><div class=\"fusion-builder-row fusion-row\"><div class=\"fusion-layout-column fusion_builder_column fusion-builder-column-3 fusion_builder_column_1_4 1_4 fusion-one-fourth fusion-column-first\" style=\"--awb-padding-top:1px;--awb-padding-right:1px;--awb-padding-bottom:9px;--awb-padding-left:1px;--awb-overflow:hidden;--awb-bg-position:right center;--awb-bg-size:cover;--awb-border-color:#ffffff;--awb-border-top:1px;--awb-border-right:1px;--awb-border-bottom:1px;--awb-border-left:1px;--awb-border-style:solid;--awb-border-radius:1px 1px 1px 1px;--awb-margin-bottom:0px;width:22%; margin-right: 4%;\"><div class=\"fusion-column-wrapper fusion-column-has-shadow fusion-flex-column-wrapper-legacy\"><div class=\"fusion-text fusion-text-3\"><h5 style=\"text-align: center;\"><span style=\"color: #ffffff;\">MESURA<\/span><\/h5>\n<\/div><div class=\"fusion-text fusion-text-4\"><h3 style=\"text-align: center;\"><span style=\"color: #ffffff;\">Vision PLUS 67<\/span><\/h3>\n<\/div><div class=\"fusion-aligncenter\"><a class=\"fusion-button button-flat button-medium button-custom fusion-button-default button-3 fusion-button-default-span fusion-button-default-type\" style=\"--button_accent_color:rgba(255,255,255,0.75);--button_accent_hover_color:rgba(255,255,255,0.9);--button_border_hover_color:rgba(255,255,255,0.9);--button_border_width-top:2px;--button_border_width-right:2px;--button_border_width-bottom:2px;--button_border_width-left:2px;--button-border-radius-top-left:0;--button-border-radius-top-right:0;--button-border-radius-bottom-right:0;--button-border-radius-bottom-left:0;--button_gradient_top_color:rgba(255,255,255,0);--button_gradient_bottom_color:rgba(255,255,255,0);--button_gradient_top_color_hover:rgba(255,255,255,0.035);--button_gradient_bottom_color_hover:rgba(255,255,255,0.035);\" target=\"lightbox\" rel=\"iLightbox\" href=\"https:\/\/www.fugar.com\/wp-content\/uploads\/2022\/10\/4-tres-caras-plus-67-copia.jpg\"><span class=\"fusion-button-text\">VEURE FITXA T\u00c8CNICA<\/span><\/a><\/div><div class=\"fusion-clearfix\"><\/div><\/div><\/div><\/div><\/div><\/p>","protected":false},"excerpt":{"rendered":"","protected":false},"author":1,"featured_media":0,"parent":0,"menu_order":0,"comment_status":"closed","ping_status":"open","template":"100-width.php","meta":{"_bbp_topic_count":0,"_bbp_reply_count":0,"_bbp_total_topic_count":0,"_bbp_total_reply_count":0,"_bbp_voice_count":0,"_bbp_anonymous_reply_count":0,"_bbp_topic_count_hidden":0,"_bbp_reply_count_hidden":0,"_bbp_forum_subforum_count":0,"footnotes":""},"class_list":["post-3399","page","type-page","status-publish","hentry"],"amp_enabled":false,"_links":{"self":[{"href":"https:\/\/www.fugar.com\/ca\/wp-json\/wp\/v2\/pages\/3399","targetHints":{"allow":["GET"]}}],"collection":[{"href":"https:\/\/www.fugar.com\/ca\/wp-json\/wp\/v2\/pages"}],"about":[{"href":"https:\/\/www.fugar.com\/ca\/wp-json\/wp\/v2\/types\/page"}],"author":[{"embeddable":true,"href":"https:\/\/www.fugar.com\/ca\/wp-json\/wp\/v2\/users\/1"}],"replies":[{"embeddable":true,"href":"https:\/\/www.fugar.com\/ca\/wp-json\/wp\/v2\/comments?post=3399"}],"version-history":[{"count":13,"href":"https:\/\/www.fugar.com\/ca\/wp-json\/wp\/v2\/pages\/3399\/revisions"}],"predecessor-version":[{"id":3737,"href":"https:\/\/www.fugar.com\/ca\/wp-json\/wp\/v2\/pages\/3399\/revisions\/3737"}],"wp:attachment":[{"href":"https:\/\/www.fugar.com\/ca\/wp-json\/wp\/v2\/media?parent=3399"}],"curies":[{"name":"wp","href":"https:\/\/api.w.org\/{rel}","templated":true}]}}