{"id":3655,"date":"2021-01-21T10:42:29","date_gmt":"2021-01-21T10:42:29","guid":{"rendered":"https:\/\/www.fugar.com\/?page_id=3655"},"modified":"2024-02-20T19:45:16","modified_gmt":"2024-02-20T19:45:16","slug":"barbacoa-metalica-gara","status":"publish","type":"page","link":"https:\/\/www.fugar.com\/ca\/barbacoa-metalica-gara\/","title":{"rendered":"Barbacoa MET\u00c1LICA EMPORIUM"},"content":{"rendered":"<p><div class=\"fusion-fullwidth fullwidth-box fusion-builder-row-1 nonhundred-percent-fullwidth non-hundred-percent-height-scrolling\" style=\"--awb-border-radius-top-left:0px;--awb-border-radius-top-right:0px;--awb-border-radius-bottom-right:0px;--awb-border-radius-bottom-left:0px;--awb-margin-bottom:0px;--awb-background-color:#000000;--awb-flex-wrap:wrap;\" ><div class=\"fusion-builder-row fusion-row\"><div class=\"fusion-layout-column fusion_builder_column fusion-builder-column-0 fusion_builder_column_1_1 1_1 fusion-one-full fusion-column-first fusion-column-last\" style=\"--awb-bg-size:cover;--awb-margin-bottom:0px;\"><div class=\"fusion-column-wrapper fusion-column-has-shadow fusion-flex-column-wrapper-legacy\"><div class=\"fusion-title title fusion-title-1 fusion-sep-none fusion-title-text fusion-title-size-one\"><h1 class=\"fusion-title-heading title-heading-left fusion-responsive-typography-calculated\" style=\"margin:0;--fontSize:60;line-height:1.33;\"><center><span style=\"color: #ffffff;\">BARBACOA MET\u00c1LICA EMPORIUM<\/span><\/center><\/h1><\/div><div class=\"fusion-clearfix\"><\/div><\/div><\/div><\/div><\/div><div class=\"fusion-fullwidth fullwidth-box fusion-builder-row-2 nonhundred-percent-fullwidth non-hundred-percent-height-scrolling\" style=\"--awb-background-position:left top;--awb-border-sizes-top:0px;--awb-border-sizes-bottom:0px;--awb-border-sizes-left:0px;--awb-border-sizes-right:0px;--awb-border-radius-top-left:0px;--awb-border-radius-top-right:0px;--awb-border-radius-bottom-right:0px;--awb-border-radius-bottom-left:0px;--awb-padding-top:0px;--awb-padding-bottom:130px;--awb-margin-top:0px;--awb-flex-wrap:wrap;\" ><div class=\"fusion-builder-row fusion-row\"><div class=\"fusion-layout-column fusion_builder_column fusion-builder-column-1 fusion_builder_column_1_2 1_2 fusion-one-half fusion-column-first\" style=\"--awb-bg-color:#ededed;--awb-bg-color-hover:#ededed;--awb-bg-size:cover;--awb-margin-bottom:0px;width:48%; margin-right: 4%;\"><div class=\"fusion-column-wrapper fusion-flex-column-wrapper-legacy\"><div class=\"fusion-text fusion-text-1\"><h3><em><span style=\"font-size: 20px;\" data-fusion-font=\"true\"><span class=\"OYPEnA text-decoration-none text-strikethrough-none\">Ofrece un sistema de doble fuego que potencia su versatilidad. Su dise\u00f1o est\u00e1 pensado para brindar una experiencia confortable al usuario, destacando una generosa \u00e1rea de encimera que permite organizar platos, alimentos y utensilios de manera \u00f3ptima. Las Barbacoas modelo EMPORIUM se distinguen por ser piezas personalizadas: pr\u00e1cticas, contempor\u00e1neas, ideales para entornos urbanos y requieren m\u00ednimos cuidados para maximizar el placer de su uso.<\/span>.<\/span><\/em><\/h3>\n<\/div><div class=\"fusion-clearfix\"><\/div><\/div><\/div><div class=\"fusion-layout-column fusion_builder_column fusion-builder-column-2 fusion_builder_column_1_2 1_2 fusion-one-half fusion-column-last\" style=\"--awb-bg-color:#ffffff;--awb-bg-color-hover:#ffffff;--awb-bg-size:cover;--awb-margin-top:35px;--awb-margin-bottom:0px;width:48%;\"><div class=\"fusion-column-wrapper fusion-flex-column-wrapper-legacy\"><div class=\"fusion-image-element fusion-image-align-center in-legacy-container\" style=\"text-align:center;--awb-caption-title-font-family:var(--h2_typography-font-family);--awb-caption-title-font-weight:var(--h2_typography-font-weight);--awb-caption-title-font-style:var(--h2_typography-font-style);--awb-caption-title-size:var(--h2_typography-font-size);--awb-caption-title-transform:var(--h2_typography-text-transform);--awb-caption-title-line-height:var(--h2_typography-line-height);--awb-caption-title-letter-spacing:var(--h2_typography-letter-spacing);\"><div class=\"imageframe-align-center\"><span class=\"fusion-imageframe imageframe-none imageframe-1 hover-type-none\"><img decoding=\"async\" width=\"2560\" height=\"2058\" title=\"BARBACOA FUGAR CORFU\" src=\"https:\/\/www.fugar.com\/wp-content\/uploads\/2024\/02\/BARBACOA-FUGAR-CORFU-scaled.jpg\" class=\"img-responsive wp-image-3778\" srcset=\"https:\/\/www.fugar.com\/wp-content\/uploads\/2024\/02\/BARBACOA-FUGAR-CORFU-200x161.jpg 200w, https:\/\/www.fugar.com\/wp-content\/uploads\/2024\/02\/BARBACOA-FUGAR-CORFU-400x321.jpg 400w, https:\/\/www.fugar.com\/wp-content\/uploads\/2024\/02\/BARBACOA-FUGAR-CORFU-600x482.jpg 600w, https:\/\/www.fugar.com\/wp-content\/uploads\/2024\/02\/BARBACOA-FUGAR-CORFU-800x643.jpg 800w, https:\/\/www.fugar.com\/wp-content\/uploads\/2024\/02\/BARBACOA-FUGAR-CORFU-1200x964.jpg 1200w, https:\/\/www.fugar.com\/wp-content\/uploads\/2024\/02\/BARBACOA-FUGAR-CORFU-scaled.jpg 2560w\" sizes=\"(max-width: 800px) 100vw, 600px\" alt=\"\"><\/span><\/div><\/div><div class=\"fusion-align-block\"><a class=\"fusion-button button-flat button-medium button-custom fusion-button-default button-1 fusion-button-span-yes fusion-button-default-type fusion-has-button-gradient\" style=\"--button_accent_color:rgba(255,255,255,0.75);--button_accent_hover_color:rgba(255,255,255,0.9);--button_border_hover_color:rgba(255,255,255,0.9);--button-border-radius-top-left:1px;--button-border-radius-top-right:1px;--button-border-radius-bottom-right:1px;--button-border-radius-bottom-left:1px;--button_gradient_top_color:#000000;--button_gradient_bottom_color:#000000;--button_gradient_top_color_hover:#afafaf;--button_gradient_bottom_color_hover:rgba(255,255,255,0.035);\" target=\"_self\" href=\"https:\/\/www.fugar.com\/ca\/contacto\/\"><span class=\"fusion-button-text\">SOL\u00b7LICITA M\u00c9S INFORMACI\u00d3<\/span><\/a><\/div><div class=\"fusion-clearfix\"><\/div><\/div><\/div><\/div><\/div><div class=\"fusion-fullwidth fullwidth-box fusion-builder-row-3 fusion-parallax-none nonhundred-percent-fullwidth non-hundred-percent-height-scrolling\" style=\"--link_hover_color: rgba(0,0,0,0);--link_color: rgba(147,147,147,0);--awb-border-sizes-top:0px;--awb-border-sizes-bottom:0px;--awb-border-sizes-left:0px;--awb-border-sizes-right:0px;--awb-border-radius-top-left:0px;--awb-border-radius-top-right:0px;--awb-border-radius-bottom-right:0px;--awb-border-radius-bottom-left:0px;--awb-padding-top:34px;--awb-padding-bottom:50px;--awb-margin-top:0px;--awb-margin-bottom:0px;--awb-background-image:url(&quot;https:\/\/www.fugar.com\/wp-content\/uploads\/2020\/08\/fondo-medida-scaled.jpg&quot;);--awb-background-size:cover;--awb-flex-wrap:wrap;\" ><div class=\"fusion-builder-row fusion-row\"><div class=\"fusion-layout-column fusion_builder_column fusion-builder-column-3 fusion_builder_column_1_4 1_4 fusion-one-fourth fusion-column-first\" style=\"--awb-padding-top:1px;--awb-padding-right:1px;--awb-padding-left:1px;--awb-overflow:hidden;--awb-bg-position:right center;--awb-bg-size:cover;--awb-border-color:#ffffff;--awb-border-top:1px;--awb-border-right:1px;--awb-border-bottom:1px;--awb-border-left:1px;--awb-border-style:solid;--awb-border-radius:1px 1px 1px 1px;--awb-margin-bottom:0px;width:22%; margin-right: 4%;\"><div class=\"fusion-column-wrapper fusion-column-has-shadow fusion-flex-column-wrapper-legacy\"><div class=\"fusion-text fusion-text-2\"><h5 style=\"text-align: center;\"><span style=\"color: #ffffff;\">MESURA<\/span><\/h5>\n<\/div><div class=\"fusion-text fusion-text-3\"><h3 style=\"text-align: center; --fontSize: 26; line-height: 2.11;\" data-fontsize=\"26\" data-lineheight=\"54.86px\" class=\"fusion-responsive-typography-calculated\"><span style=\"color: #ffffff;\">EMPORIUM<\/span><\/h3>\n<\/div><div class=\"fusion-aligncenter\"><a class=\"fusion-button button-flat button-medium button-custom fusion-button-default button-2 fusion-button-default-span fusion-button-default-type\" style=\"--button_accent_color:rgba(255,255,255,0.75);--button_accent_hover_color:rgba(255,255,255,0.9);--button_border_hover_color:rgba(255,255,255,0.9);--button_border_width-top:2px;--button_border_width-right:2px;--button_border_width-bottom:2px;--button_border_width-left:2px;--button_gradient_top_color:rgba(255,255,255,0);--button_gradient_bottom_color:rgba(255,255,255,0);--button_gradient_top_color_hover:rgba(255,255,255,0.035);--button_gradient_bottom_color_hover:rgba(255,255,255,0.035);\" target=\"lightbox\" rel=\"iLightbox\" href=\"https:\/\/www.fugar.com\/wp-content\/uploads\/2024\/02\/Captura-de-pantalla-2024-02-20-a-las-20.41.49.png\"><span class=\"fusion-button-text\">VEURE FITXA T\u00c8CNICA<\/span><\/a><\/div><div class=\"fusion-clearfix\"><\/div><\/div><\/div><\/div><\/div><\/p>","protected":false},"excerpt":{"rendered":"","protected":false},"author":1,"featured_media":0,"parent":0,"menu_order":0,"comment_status":"closed","ping_status":"closed","template":"100-width.php","meta":{"_bbp_topic_count":0,"_bbp_reply_count":0,"_bbp_total_topic_count":0,"_bbp_total_reply_count":0,"_bbp_voice_count":0,"_bbp_anonymous_reply_count":0,"_bbp_topic_count_hidden":0,"_bbp_reply_count_hidden":0,"_bbp_forum_subforum_count":0,"footnotes":""},"class_list":["post-3655","page","type-page","status-publish","hentry"],"amp_enabled":false,"_links":{"self":[{"href":"https:\/\/www.fugar.com\/ca\/wp-json\/wp\/v2\/pages\/3655","targetHints":{"allow":["GET"]}}],"collection":[{"href":"https:\/\/www.fugar.com\/ca\/wp-json\/wp\/v2\/pages"}],"about":[{"href":"https:\/\/www.fugar.com\/ca\/wp-json\/wp\/v2\/types\/page"}],"author":[{"embeddable":true,"href":"https:\/\/www.fugar.com\/ca\/wp-json\/wp\/v2\/users\/1"}],"replies":[{"embeddable":true,"href":"https:\/\/www.fugar.com\/ca\/wp-json\/wp\/v2\/comments?post=3655"}],"version-history":[{"count":7,"href":"https:\/\/www.fugar.com\/ca\/wp-json\/wp\/v2\/pages\/3655\/revisions"}],"predecessor-version":[{"id":3817,"href":"https:\/\/www.fugar.com\/ca\/wp-json\/wp\/v2\/pages\/3655\/revisions\/3817"}],"wp:attachment":[{"href":"https:\/\/www.fugar.com\/ca\/wp-json\/wp\/v2\/media?parent=3655"}],"curies":[{"name":"wp","href":"https:\/\/api.w.org\/{rel}","templated":true}]}}