{"id":3206,"date":"2020-09-06T17:23:41","date_gmt":"2020-09-06T17:23:41","guid":{"rendered":"http:\/\/www.fugar.com\/?page_id=3206"},"modified":"2021-01-14T15:47:15","modified_gmt":"2021-01-14T15:47:15","slug":"insert-b-80-2","status":"publish","type":"page","link":"https:\/\/www.fugar.com\/en\/insert-b-80-2\/","title":{"rendered":"INSERT B-80"},"content":{"rendered":"<p><div class=\"fusion-fullwidth fullwidth-box fusion-builder-row-1 nonhundred-percent-fullwidth non-hundred-percent-height-scrolling\" style=\"--awb-border-radius-top-left:0px;--awb-border-radius-top-right:0px;--awb-border-radius-bottom-right:0px;--awb-border-radius-bottom-left:0px;--awb-padding-right:0px;--awb-padding-left:0px;--awb-margin-top:0px;--awb-background-color:#000000;--awb-flex-wrap:wrap;\" ><div class=\"fusion-builder-row fusion-row\"><div class=\"fusion-layout-column fusion_builder_column fusion-builder-column-0 fusion_builder_column_1_1 1_1 fusion-one-full fusion-column-first fusion-column-last\" style=\"--awb-bg-size:cover;--awb-margin-bottom:0px;\"><div class=\"fusion-column-wrapper fusion-column-has-shadow fusion-flex-column-wrapper-legacy\"><div class=\"fusion-text fusion-text-1\"><p><h3><center><span style=\"color: white;\">INSERT B\u201380<\/span><\/center><\/p>\n<\/div><div class=\"fusion-clearfix\"><\/div><\/div><\/div><\/div><\/div><div class=\"fusion-fullwidth fullwidth-box fusion-builder-row-2 nonhundred-percent-fullwidth non-hundred-percent-height-scrolling\" style=\"--awb-background-position:left top;--awb-border-radius-top-left:0px;--awb-border-radius-top-right:0px;--awb-border-radius-bottom-right:0px;--awb-border-radius-bottom-left:0px;--awb-padding-top:0px;--awb-padding-bottom:130px;--awb-margin-top:0px;--awb-border-sizes-top:0px;--awb-border-sizes-bottom:0px;--awb-flex-wrap:wrap;\" ><div class=\"fusion-builder-row fusion-row\"><div class=\"fusion-layout-column fusion_builder_column fusion-builder-column-1 fusion_builder_column_1_2 1_2 fusion-one-half fusion-column-first\" style=\"--awb-bg-color:#ededed;--awb-bg-color-hover:#ededed;--awb-bg-size:cover;width:48%; margin-right: 4%;\"><div class=\"fusion-column-wrapper fusion-flex-column-wrapper-legacy\"><div class=\"fusion-text fusion-text-2\"><h3>Caracter\u00edsticas de Fabricaci\u00f3n<\/h3>\n<p>El recuperador de aire est\u00e1 construido en acero al carbono galvanizado.<br \/>La caldera y c\u00e1mara de combusti\u00f3n est\u00e1n fabricadas en acero laminado electrosoldado con sistema de hilo continuo y mecanizado con tecnolog\u00eda l\u00e1ser. El interior se encuentra totalmente acorazado mediante tres tipos de material f\u00e1cilmente desmontable, (acero plegado de 8 mm. uso intensivo, acero plegado de 3 mm., o vermiculita uso moderado), dispuestas en sus alojamientos por un innovador sistema que por gravedad mantiene cada elemento en su lugar sin que le afecten las dilataciones y eliminando las uniones mediante tornillos y masillas. Ello da como resultado el sistema de caldera m\u00e1s duradero del mercado.<\/p>\n<p>Posee una ligera puerta con un gran cristal vitrocer\u00e1mico inalterable resistiendo temperaturas de hasta 1.200 \u00baC, que se puede elegir entre dos tipos de acabado, normal o cl\u00edmax que oculta el marco met\u00e1lico.<\/p>\n<p>Los mecanismos de apertura por mano fr\u00eda que le permitir\u00e1 una visi\u00f3n panor\u00e1mica del espect\u00e1culo del fuego con total seguridad.<\/p>\n<p>Los elementos articulados y componentes el\u00e9ctricos son fabricados con materiales cer\u00e1micos y aleaciones especiales de muy sencilla sustituci\u00f3n.<\/p>\n<p>Todas las piezas por separado y en su conjunto han sido homologadas. Nuestro gabinete t\u00e9cnico las ha sometido a las pruebas m\u00e1s duras en condiciones l\u00edmite, dando como resultado un aparato de gama alta tanto en calidad como en rendimiento. Todo ello en un conjunto de materiales nobles que forman un compendio de la m\u00e1s avanzada tecnolog\u00eda.<\/p>\n<h3>Prestaciones<\/h3>\n<p>Nuestro compromiso tecnol\u00f3gico nos proyecta en una evoluci\u00f3n constante que da satisfacci\u00f3n a miles de usuarios. Lo cu\u00e1l, se consigue creando sistemas revolucionarios a base de a\u00f1os de investigaci\u00f3n realizando inversiones en tecnolog\u00eda punta y aplicando metodolog\u00eda de ingenier\u00eda concurrente. Ello nos permite lanzar al mercado este magn\u00edfico insertable que mediante aportaciones de aire secundario a diferentes temperaturas, crea un barrido que ayuda a evitar el ensuciamiento del cristal, consiguiendo una combusti\u00f3n lenta con un alt\u00edsimo rendimiento, quemando casi por completo los gases que en cualquier otro aparato contaminan la atm\u00f3sfera y ensucian los conductos de humos.<\/p>\n<p>Este m\u00f3dulo encastrable es de prestaciones muy elevadas, quemando tanto la le\u00f1a seca como las briquetas de serr\u00edn. Accionando el mando situado enfrente del caj\u00f3n, regular\u00e1 de forma muy sencilla el aire primario para cada combustible.<\/p>\n<p>Dotado de sistemas de ventilaci\u00f3n potentes y silenciosos. Todos los elementos el\u00e9ctricos, cableados, conexiones, etc\u2026, son materiales de primera calidad montados sobre un kit extra\u00edble que facilita su manipulaci\u00f3n sin necesidad de desplazamientos.\u00a0 Incorpora un conmutador con termostato de automatismo, que le permitir\u00e1 seleccionar dos velocidades.\u00a0 El sistema de aislamiento ign\u00edfugo proteger\u00e1 el aparato a un fallo en el suministro el\u00e9ctrico de aver\u00edas por sobrecalentamiento.<\/p>\n<h4>!COLABORACI\u00d3N CON UN MEDIO AMBIENTE LIMPIO Y PURO!<\/h4>\n<p>Este aparato est\u00e1 estudiado para conseguir una triple combusti\u00f3n, utilizando el combustible adecuado con su correcto grado de humedad. El\u00a0<strong>B-80<\/strong>\u00a0se autoalimenta en unos puntos estrat\u00e9gicos de aire precalentado, que ayuda a quemar los gases que en cualquier otro apartado contaminan la atm\u00f3sfera y ensucian los conductos de humos.<\/p>\n<div class=\"page\" title=\"Page 3\">\n<div class=\"layoutArea\">\n<div class=\"column\">\n<h3>Revistimiento interior desmontable<\/h3>\n<\/div>\n<\/div>\n<\/div>\n<p><strong>INTERIOR VERMICULITA<\/strong>. Gran poder de refraccio\u0301n.<br \/><strong>INTERIOR ACERO<\/strong>. Gran poder de transmisio\u0301n de calor.<br \/><strong>INTERIOR ACERO REFORZADO<\/strong>. Gran poder de transmisio\u0301n\u00a0que se mantiene por ma\u0301s tiempo.<\/p>\n<\/div><div class=\"fusion-clearfix\"><\/div><\/div><\/div><div class=\"fusion-layout-column fusion_builder_column fusion-builder-column-2 fusion_builder_column_1_2 1_2 fusion-one-half fusion-column-last\" style=\"--awb-bg-color:#ffffff;--awb-bg-color-hover:#ffffff;--awb-bg-size:cover;--awb-margin-top:35px;--awb-margin-bottom:0px;width:48%;\"><div class=\"fusion-column-wrapper fusion-flex-column-wrapper-legacy\"><div class=\"fusion-slider-sc fusion-flexslider-loading flexslider flexslider-hover-type-none\" data-slideshow_autoplay=\"1\" data-slideshow_smooth_height=\"1\" data-slideshow_speed=\"2150\" style=\"max-width:100%;height:100%;margin-bottom:2px;\"><ul class=\"slides\"><li class=\"image\"><span class=\"fusion-image-hover-element hover-type-none\"><img decoding=\"async\" src=\"https:\/\/www.fugar.com\/wp-content\/uploads\/2020\/09\/SLIDER1-INSERT-B-80-400x267.jpg\" width=\"400\" height=\"267\" class=\"wp-image-3219\" srcset=\"https:\/\/www.fugar.com\/wp-content\/uploads\/2020\/09\/SLIDER1-INSERT-B-80-200x133.jpg 200w, https:\/\/www.fugar.com\/wp-content\/uploads\/2020\/09\/SLIDER1-INSERT-B-80-400x267.jpg 400w, https:\/\/www.fugar.com\/wp-content\/uploads\/2020\/09\/SLIDER1-INSERT-B-80.jpg 600w\" sizes=\"(max-width: 800px) 100vw, 400px\" alt=\"\" title=\"\"><\/span><\/li><li class=\"image\"><span class=\"fusion-image-hover-element hover-type-none\"><img decoding=\"async\" src=\"https:\/\/www.fugar.com\/wp-content\/uploads\/2020\/09\/SLIDER2-INSERT-B-80-400x267.jpg\" width=\"400\" height=\"267\" class=\"wp-image-3218\" srcset=\"https:\/\/www.fugar.com\/wp-content\/uploads\/2020\/09\/SLIDER2-INSERT-B-80-200x133.jpg 200w, https:\/\/www.fugar.com\/wp-content\/uploads\/2020\/09\/SLIDER2-INSERT-B-80-400x267.jpg 400w, https:\/\/www.fugar.com\/wp-content\/uploads\/2020\/09\/SLIDER2-INSERT-B-80.jpg 600w\" sizes=\"(max-width: 800px) 100vw, 400px\" alt=\"\" title=\"\"><\/span><\/li><li class=\"image\"><span class=\"fusion-image-hover-element hover-type-none\"><img decoding=\"async\" src=\"https:\/\/www.fugar.com\/wp-content\/uploads\/2020\/09\/SLIDER3-INSERT-B80-400x267.jpg\" width=\"400\" height=\"267\" class=\"wp-image-3217\" srcset=\"https:\/\/www.fugar.com\/wp-content\/uploads\/2020\/09\/SLIDER3-INSERT-B80-200x133.jpg 200w, https:\/\/www.fugar.com\/wp-content\/uploads\/2020\/09\/SLIDER3-INSERT-B80-400x267.jpg 400w, https:\/\/www.fugar.com\/wp-content\/uploads\/2020\/09\/SLIDER3-INSERT-B80.jpg 600w\" sizes=\"(max-width: 800px) 100vw, 400px\" alt=\"\" title=\"\"><\/span><\/li><li class=\"image\"><span class=\"fusion-image-hover-element hover-type-none\"><img decoding=\"async\" src=\"https:\/\/www.fugar.com\/wp-content\/uploads\/2020\/09\/SLIDER4-INSERT-B80-400x267.jpg\" width=\"400\" height=\"267\" class=\"wp-image-3216\" srcset=\"https:\/\/www.fugar.com\/wp-content\/uploads\/2020\/09\/SLIDER4-INSERT-B80-200x133.jpg 200w, https:\/\/www.fugar.com\/wp-content\/uploads\/2020\/09\/SLIDER4-INSERT-B80-400x267.jpg 400w, https:\/\/www.fugar.com\/wp-content\/uploads\/2020\/09\/SLIDER4-INSERT-B80.jpg 600w\" sizes=\"(max-width: 800px) 100vw, 400px\" alt=\"\" title=\"\"><\/span><\/li><li class=\"image\"><span class=\"fusion-image-hover-element hover-type-none\"><img decoding=\"async\" src=\"https:\/\/www.fugar.com\/wp-content\/uploads\/2020\/09\/SLIDER15INSERT-B-80-400x267.jpg\" width=\"400\" height=\"267\" class=\"wp-image-3215\" srcset=\"https:\/\/www.fugar.com\/wp-content\/uploads\/2020\/09\/SLIDER15INSERT-B-80-200x133.jpg 200w, https:\/\/www.fugar.com\/wp-content\/uploads\/2020\/09\/SLIDER15INSERT-B-80-400x267.jpg 400w, https:\/\/www.fugar.com\/wp-content\/uploads\/2020\/09\/SLIDER15INSERT-B-80.jpg 600w\" sizes=\"(max-width: 800px) 100vw, 400px\" alt=\"\" title=\"\"><\/span><\/li><\/ul><\/div><div class=\"fusion-align-block\"><a class=\"fusion-button button-flat button-medium button-custom fusion-button-default button-1 fusion-button-span-yes fusion-button-default-type fusion-has-button-gradient\" style=\"--button_accent_color:rgba(255,255,255,0.75);--button_accent_hover_color:rgba(255,255,255,0.9);--button_border_hover_color:rgba(255,255,255,0.9);--button-border-radius-top-left:1px;--button-border-radius-top-right:1px;--button-border-radius-bottom-right:1px;--button-border-radius-bottom-left:1px;--button_gradient_top_color:#000000;--button_gradient_bottom_color:#000000;--button_gradient_top_color_hover:#afafaf;--button_gradient_bottom_color_hover:rgba(255,255,255,0.035);\" target=\"_self\"><span class=\"fusion-button-text\">REQUEST MORE INFORMATION<\/span><\/a><\/div><div class=\"fusion-text fusion-text-3\"><div style=\"padding: 25px;\">\n<table class=\"shop_attributes\">\n<tbody>\n<tr>\n<th>Rendimiento M\u00ednimo Nominal<\/th>\n<td>76 %<\/td>\n<\/tr>\n<tr>\n<th>Rendimiento M\u00e1ximo seg\u00fan Instalaci\u00f3n<\/th>\n<td>\n<div class=\"page\" title=\"Page 4\">\n<div class=\"layoutArea\">\n<div class=\"column\">\n<p>83 %<\/p>\n<\/div>\n<\/div>\n<\/div>\n<\/td>\n<\/tr>\n<tr class=\"alt\">\n<th>Potencia m\u00ednima nominal<\/th>\n<td>\n<div class=\"page\" title=\"Page 4\">\n<div class=\"layoutArea\">\n<div class=\"column\">\n<p>Con carga de 2,5 Kg:<\/p>\n<p>10,5 Kw 9.030 Kcal\/h<\/p>\n<\/div>\n<\/div>\n<\/div>\n<\/td>\n<\/tr>\n<tr>\n<th>Potencia M\u00e1xima<\/th>\n<td>\n<div class=\"page\" title=\"Page 4\">\n<div class=\"layoutArea\">\n<div class=\"column\">\n<p>Con carga de 4,5 Kg:<\/p>\n<p>19 Kw 16.340 Kcal\/h<\/p>\n<\/div>\n<\/div>\n<\/div>\n<\/td>\n<\/tr>\n<tr class=\"alt\">\n<th>Concentraci\u00f3n CO Medio A 13% O2<\/th>\n<td>0.20 %<\/td>\n<\/tr>\n<tr>\n<th>Di\u00e1metro Chimenea<\/th>\n<td>200 mm.<\/td>\n<\/tr>\n<tr class=\"alt\">\n<th>Peso Interior Vermiculita<\/th>\n<td>114 Kg.<\/td>\n<\/tr>\n<tr>\n<th>Peso Interior Acero Plegado<\/th>\n<td>120 Kg.<\/td>\n<\/tr>\n<tr class=\"alt\">\n<th>Peso Interior Acero Reforzado<\/th>\n<td>139 Kg.<\/td>\n<\/tr>\n<tr>\n<th>Admisi\u00f3n De Troncos<\/th>\n<td>67 cm.<\/td>\n<\/tr>\n<tr class=\"alt\">\n<th>Volumen A Calentar Seg\u00fan Zona Clim\u00e1tica Y Aislamiento<\/th>\n<td>400 m3.<\/td>\n<\/tr>\n<\/tbody>\n<\/table>\n<\/div>\n<\/div><div class=\"fusion-image-element fusion-image-align-center in-legacy-container\" style=\"text-align:center;--awb-caption-title-font-family:var(--h2_typography-font-family);--awb-caption-title-font-weight:var(--h2_typography-font-weight);--awb-caption-title-font-style:var(--h2_typography-font-style);--awb-caption-title-size:var(--h2_typography-font-size);--awb-caption-title-transform:var(--h2_typography-text-transform);--awb-caption-title-line-height:var(--h2_typography-line-height);--awb-caption-title-letter-spacing:var(--h2_typography-letter-spacing);\"><div class=\"imageframe-align-center\"><span class=\"fusion-imageframe imageframe-none imageframe-1 hover-type-none\"><img decoding=\"async\" width=\"647\" height=\"368\" title=\"Insert-Bio-60-4\" src=\"https:\/\/www.fugar.com\/wp-content\/uploads\/2020\/09\/Insert-Bio-60-4.jpg\" class=\"img-responsive wp-image-3180\" srcset=\"https:\/\/www.fugar.com\/wp-content\/uploads\/2020\/09\/Insert-Bio-60-4-200x114.jpg 200w, https:\/\/www.fugar.com\/wp-content\/uploads\/2020\/09\/Insert-Bio-60-4-400x228.jpg 400w, https:\/\/www.fugar.com\/wp-content\/uploads\/2020\/09\/Insert-Bio-60-4-600x341.jpg 600w, https:\/\/www.fugar.com\/wp-content\/uploads\/2020\/09\/Insert-Bio-60-4.jpg 647w\" sizes=\"(max-width: 800px) 100vw, 600px\" alt=\"\"><\/span><\/div><\/div><div class=\"fusion-section-separator section-separator bigtriangle fusion-section-separator-1\" style=\"--awb-spacer-height:99px;--awb-svg-margin-left:0;--awb-svg-margin-right:0;--awb-divider-height:99px;--awb-spacer-padding-top:inherit;--awb-sep-padding:0;--awb-svg-padding:0;\"><div class=\"fusion-section-separator-svg\"><svg class=\"fusion-big-triangle-candy\" xmlns=\"http:\/\/www.w3.org\/2000\/svg\" version=\"1.1\" width=\"100%\" height=\"100\" viewbox=\"0 0 100 100\" preserveaspectratio=\"none\" fill=\"rgba(255,255,255,1)\"><path d=\"M0 100 L25 2 L100 100 Z\"><\/path><\/svg><\/div><div class=\"fusion-section-separator-spacer\"><div class=\"fusion-section-separator-spacer-height\"><\/div><\/div><\/div><div class=\"fusion-image-element in-legacy-container\" style=\"--awb-caption-title-font-family:var(--h2_typography-font-family);--awb-caption-title-font-weight:var(--h2_typography-font-weight);--awb-caption-title-font-style:var(--h2_typography-font-style);--awb-caption-title-size:var(--h2_typography-font-size);--awb-caption-title-transform:var(--h2_typography-text-transform);--awb-caption-title-line-height:var(--h2_typography-line-height);--awb-caption-title-letter-spacing:var(--h2_typography-letter-spacing);\"><span class=\"fusion-imageframe imageframe-none imageframe-2 hover-type-none\"><img decoding=\"async\" width=\"647\" height=\"368\" title=\"Insert-Bio-80-5\" src=\"https:\/\/www.fugar.com\/wp-content\/uploads\/2020\/09\/Insert-Bio-80-5.jpg\" class=\"img-responsive wp-image-3213\" srcset=\"https:\/\/www.fugar.com\/wp-content\/uploads\/2020\/09\/Insert-Bio-80-5-200x114.jpg 200w, https:\/\/www.fugar.com\/wp-content\/uploads\/2020\/09\/Insert-Bio-80-5-400x228.jpg 400w, https:\/\/www.fugar.com\/wp-content\/uploads\/2020\/09\/Insert-Bio-80-5-600x341.jpg 600w, https:\/\/www.fugar.com\/wp-content\/uploads\/2020\/09\/Insert-Bio-80-5.jpg 647w\" sizes=\"(max-width: 800px) 100vw, 600px\" alt=\"\"><\/span><\/div><div class=\"fusion-clearfix\"><\/div><\/div><\/div><\/div><\/div><\/p>","protected":false},"excerpt":{"rendered":"","protected":false},"author":1,"featured_media":0,"parent":0,"menu_order":0,"comment_status":"closed","ping_status":"open","template":"100-width.php","meta":{"_bbp_topic_count":0,"_bbp_reply_count":0,"_bbp_total_topic_count":0,"_bbp_total_reply_count":0,"_bbp_voice_count":0,"_bbp_anonymous_reply_count":0,"_bbp_topic_count_hidden":0,"_bbp_reply_count_hidden":0,"_bbp_forum_subforum_count":0,"footnotes":""},"class_list":["post-3206","page","type-page","status-publish","hentry"],"amp_enabled":false,"_links":{"self":[{"href":"https:\/\/www.fugar.com\/en\/wp-json\/wp\/v2\/pages\/3206","targetHints":{"allow":["GET"]}}],"collection":[{"href":"https:\/\/www.fugar.com\/en\/wp-json\/wp\/v2\/pages"}],"about":[{"href":"https:\/\/www.fugar.com\/en\/wp-json\/wp\/v2\/types\/page"}],"author":[{"embeddable":true,"href":"https:\/\/www.fugar.com\/en\/wp-json\/wp\/v2\/users\/1"}],"replies":[{"embeddable":true,"href":"https:\/\/www.fugar.com\/en\/wp-json\/wp\/v2\/comments?post=3206"}],"version-history":[{"count":10,"href":"https:\/\/www.fugar.com\/en\/wp-json\/wp\/v2\/pages\/3206\/revisions"}],"predecessor-version":[{"id":3643,"href":"https:\/\/www.fugar.com\/en\/wp-json\/wp\/v2\/pages\/3206\/revisions\/3643"}],"wp:attachment":[{"href":"https:\/\/www.fugar.com\/en\/wp-json\/wp\/v2\/media?parent=3206"}],"curies":[{"name":"wp","href":"https:\/\/api.w.org\/{rel}","templated":true}]}}