{"id":3240,"date":"2020-09-07T09:11:57","date_gmt":"2020-09-07T09:11:57","guid":{"rendered":"http:\/\/www.fugar.com\/?page_id=3240"},"modified":"2025-02-04T19:48:41","modified_gmt":"2025-02-04T19:48:41","slug":"chimenea-hidro-80-hi","status":"publish","type":"page","link":"https:\/\/www.fugar.com\/en\/chimenea-hidro-80-hi\/","title":{"rendered":"Chimenea RF200"},"content":{"rendered":"<p><div class=\"fusion-fullwidth fullwidth-box fusion-builder-row-1 nonhundred-percent-fullwidth non-hundred-percent-height-scrolling\" style=\"--awb-border-radius-top-left:0px;--awb-border-radius-top-right:0px;--awb-border-radius-bottom-right:0px;--awb-border-radius-bottom-left:0px;--awb-padding-right:0px;--awb-padding-left:0px;--awb-margin-top:0px;--awb-background-color:#000000;--awb-flex-wrap:wrap;\" ><div class=\"fusion-builder-row fusion-row\"><div class=\"fusion-layout-column fusion_builder_column fusion-builder-column-0 fusion_builder_column_1_1 1_1 fusion-one-full fusion-column-first fusion-column-last\" style=\"--awb-bg-size:cover;--awb-margin-bottom:0px;\"><div class=\"fusion-column-wrapper fusion-column-has-shadow fusion-flex-column-wrapper-legacy\"><div class=\"fusion-text fusion-text-1\"><p><center><span style=\"color: white;\">CHIMENEA HIDRO-80-HI<\/span><\/center><\/p>\n<\/div><div class=\"fusion-clearfix\"><\/div><\/div><\/div><\/div><\/div><div class=\"fusion-fullwidth fullwidth-box fusion-builder-row-2 nonhundred-percent-fullwidth non-hundred-percent-height-scrolling\" style=\"--awb-background-position:left top;--awb-border-sizes-top:0px;--awb-border-sizes-bottom:0px;--awb-border-sizes-left:0px;--awb-border-sizes-right:0px;--awb-border-radius-top-left:0px;--awb-border-radius-top-right:0px;--awb-border-radius-bottom-right:0px;--awb-border-radius-bottom-left:0px;--awb-padding-top:0px;--awb-padding-bottom:130px;--awb-margin-top:0px;--awb-flex-wrap:wrap;\" ><div class=\"fusion-builder-row fusion-row\"><div class=\"fusion-layout-column fusion_builder_column fusion-builder-column-1 fusion_builder_column_1_2 1_2 fusion-one-half fusion-column-first\" style=\"--awb-bg-color:#ededed;--awb-bg-color-hover:#ededed;--awb-bg-size:cover;width:48%; margin-right: 4%;\"><div class=\"fusion-column-wrapper fusion-flex-column-wrapper-legacy\"><div class=\"fusion-text fusion-text-2\"><h3>Caracter\u00edsticas de Fabricaci\u00f3n<\/h3>\n<p>La caldera y c\u00e1mara de combusti\u00f3n est\u00e1n fabricadas en acero laminado electrosoldado con sistema de hilo continuo y mecanizado con tecnolog\u00eda l\u00e1ser. El interior se encuentra totalmente acorazado mediante piezas f\u00e1cilmente desmontables, pudiendo elegir entre cuatro calidades en funci\u00f3n de sus necesidades (acero plegado de 8mm uso intensivo), (acero plegado de 3mm, o vermiculita 750 Kg.\/m3 uso moderado),(Interior de uso extremo para le\u00f1a y todo tipo de carb\u00f3n en acero inoxidable no magn\u00e9tico de la mas alta calidad) dispuestas en sus alojamientos por un innovador sistema que por gravedad mantiene cada elemento en su lugar sin que le afecten las dilataciones y eliminando las uniones mediante tornillos y masillas. Ello da como resultado el sistema de caldera m\u00e1s duradero del mercado.<\/p>\n<p>Los intercambiadores est\u00e1n fabricados con placas de acero y tubos de calefacci\u00f3n de gran espesor de diferente tipo, (acero corten). (acero inoxidable 316), y (acero ST 37).<br \/>\nEl intercambiador inferior es del tipo de pared plana en recirculaci\u00f3n, reforzado interiormente mediante tirantes longitudinales.<br \/>\nEl intercambiador superior es del tipo tubular de flujos cruzados, pudiendo elegir entre dos potencias de 36 y 54 pasos. Dicho intercambiador es el m\u00e1s eficiente para utilizar en una chimenea de le\u00f1a porque aprovecha la totalidad del calor de los troncos y de los gases de la combusti\u00f3n, ofreci\u00e9ndonos un excelente tiraje cuando abrimos la puerta. Dispone de un serpent\u00edn enfriador de seguridad para descarga t\u00e9rmica.<br \/>\nTodos los intercambiadores son testados individualmente y revisados por dos t\u00e9cnicos especializados al doble de la presi\u00f3n m\u00e1xima de seguridad.<\/p>\n<p>Posee una ligera puerta con un gran cristal vitrocer\u00e1mico inalterable resistiendo temperaturas de hasta 1200\u00baC, que se puede elegir entre dos tipos de acabado, normal o cl\u00edmax que oculta el marco met\u00e1lico. Los mecanismos de apertura por mano fr\u00eda le permitir\u00e1n una visi\u00f3n panor\u00e1mica del espect\u00e1culo del fuego con total seguridad.<\/p>\n<p>En el modelo h\u00edbrido canalizable el recuperador de aire est\u00e1 construido en acero al carbono galvanizado.<br \/>\nLos elementos articulados y componentes el\u00e9ctricos son fabricados con materiales cer\u00e1micos y aleaciones especiales de muy sencilla sustituci\u00f3n.<\/p>\n<p>Todas las piezas por separado y en su conjunto han sido homologadas. Nuestro gabinete t\u00e9cnico las ha sometido a las pruebas m\u00e1s duras en condiciones l\u00edmite. Siendo evaluado y certificado por laboratorios externos de prestigio internacional, dando como resultado un aparato de gama alta tanto en calidad como en rendimiento.<\/p>\n<h3>Prestaciones<\/h3>\n<p>CHIMENEAS que est\u00e1 siempre en evoluci\u00f3n constante, creando sistemas revolucionarios a base de a\u00f1os de investigaci\u00f3n, realizando inversiones en tecnolog\u00eda punta, y aplicando metodolog\u00eda de \u00faltima generaci\u00f3n. Ello nos permite lanzar al mercado productos cada vez m\u00e1s eficientes, esta termo chimenea mediante una v\u00e1lvula situada en el frontal nos permite regular aportaciones de aire secundario a diferentes temperaturas creando un barrido que ayuda a evitar el ensuciamiento del cristal, y mediante unos difusores en la pared trasera del hogar consigue una doble combusti\u00f3n con un alt\u00edsimo rendimiento, los gases de la combusti\u00f3n se dirigen a continuaci\u00f3n hacia el intercambiador tubular de flujos cruzados quemando casi por completo los gases que en cualquier otro aparato contaminan la atm\u00f3sfera y ensucian los conductos de humos, a continuaci\u00f3n una campana con v\u00e1lvula de mariposa se encarga de reconducir los gases hacia el conducto de humos a baja temperatura.<\/p>\n<p>Este m\u00f3dulo insertable es de prestaciones muy elevadas, quemando tanto la le\u00f1a seca y las briquetas de biomasa como el carb\u00f3n magro, turba, lignito, incluso antracita. Montando el interior adecuado a sus necesidades y accionando el mando situado en el frente del caj\u00f3n, regular\u00e1 de forma muy sencilla el aire primario necesario para cada combustible.<\/p>\n<p>El modelo h\u00edbrido canalizable dispone de un sistema de ventilaci\u00f3n potente y silencioso, puede dirigir el flujo de aire tanto al sal\u00f3n como a otras habitaciones lo cual nos permite combinar en la misma vivienda la calefacci\u00f3n con radiadores y la de aire caliente quedando cubierta cualquier tipo de instalaci\u00f3n. Todos los elementos el\u00e9ctricos, cableados, conexiones, etc\u2026, son materiales de primera calidad, la turbina se puede desmontar por el interior del hogar para facilitar la manipulaci\u00f3n despu\u00e9s de instalado. Incorpora un regulador con termostato de automatismo, que le permitir\u00e1 seleccionar el flujo de aire deseado. El sistema de aislamiento ign\u00edfugo proteger\u00e1 el aparato ante un fallo en el suministro el\u00e9ctrico de aver\u00edas por sobrecalentamiento.<\/p>\n<\/div><div class=\"fusion-clearfix\"><\/div><\/div><\/div><div class=\"fusion-layout-column fusion_builder_column fusion-builder-column-2 fusion_builder_column_1_2 1_2 fusion-one-half fusion-column-last\" style=\"--awb-bg-color:#ffffff;--awb-bg-color-hover:#ffffff;--awb-bg-size:cover;--awb-margin-top:35px;--awb-margin-bottom:0px;width:48%;\"><div class=\"fusion-column-wrapper fusion-flex-column-wrapper-legacy\"><div class=\"fusion-slider-sc fusion-flexslider-loading flexslider flexslider-hover-type-none\" data-slideshow_autoplay=\"1\" data-slideshow_smooth_height=\"1\" data-slideshow_speed=\"2150\" style=\"max-width:100%;height:100%;margin-bottom:2px;\"><ul class=\"slides\"><li class=\"image\"><span class=\"fusion-image-hover-element hover-type-none\"><img decoding=\"async\" src=\"http:\/\/www.fugar.com\/wp-content\/uploads\/2020\/09\/SLIDER1-Hidro-80-HIC.jpg\" width=\"600\" height=\"400\" class=\"wp-image-3234\" srcset=\"https:\/\/www.fugar.com\/wp-content\/uploads\/2020\/09\/SLIDER1-Hidro-80-HIC-200x133.jpg 200w, https:\/\/www.fugar.com\/wp-content\/uploads\/2020\/09\/SLIDER1-Hidro-80-HIC-400x267.jpg 400w, https:\/\/www.fugar.com\/wp-content\/uploads\/2020\/09\/SLIDER1-Hidro-80-HIC.jpg 600w\" sizes=\"(max-width: 800px) 100vw, 600px\" alt=\"\" title=\"\"><\/span><\/li><li class=\"image\"><span class=\"fusion-image-hover-element hover-type-none\"><img decoding=\"async\" src=\"http:\/\/www.fugar.com\/wp-content\/uploads\/2020\/09\/SLIDER2-Hidro-80-HIC-300x200.jpg\" width=\"300\" height=\"200\" class=\"wp-image-3233\" srcset=\"https:\/\/www.fugar.com\/wp-content\/uploads\/2020\/09\/SLIDER2-Hidro-80-HIC-200x133.jpg 200w, https:\/\/www.fugar.com\/wp-content\/uploads\/2020\/09\/SLIDER2-Hidro-80-HIC-400x267.jpg 400w, https:\/\/www.fugar.com\/wp-content\/uploads\/2020\/09\/SLIDER2-Hidro-80-HIC.jpg 600w\" sizes=\"(max-width: 800px) 100vw, 300px\" alt=\"\" title=\"\"><\/span><\/li><li class=\"image\"><span class=\"fusion-image-hover-element hover-type-none\"><img decoding=\"async\" src=\"http:\/\/www.fugar.com\/wp-content\/uploads\/2020\/09\/SLIDER3-Hidro-80-HIC-300x200.jpg\" width=\"300\" height=\"200\" class=\"wp-image-3232\" srcset=\"https:\/\/www.fugar.com\/wp-content\/uploads\/2020\/09\/SLIDER3-Hidro-80-HIC-200x133.jpg 200w, https:\/\/www.fugar.com\/wp-content\/uploads\/2020\/09\/SLIDER3-Hidro-80-HIC-400x267.jpg 400w, https:\/\/www.fugar.com\/wp-content\/uploads\/2020\/09\/SLIDER3-Hidro-80-HIC.jpg 600w\" sizes=\"(max-width: 800px) 100vw, 300px\" alt=\"\" title=\"\"><\/span><\/li><li class=\"image\"><span class=\"fusion-image-hover-element hover-type-none\"><img decoding=\"async\" src=\"http:\/\/www.fugar.com\/wp-content\/uploads\/2020\/09\/SLIDER4-Hidro-80-HIC-300x200.jpg\" width=\"300\" height=\"200\" class=\"wp-image-3231\" srcset=\"https:\/\/www.fugar.com\/wp-content\/uploads\/2020\/09\/SLIDER4-Hidro-80-HIC-200x133.jpg 200w, https:\/\/www.fugar.com\/wp-content\/uploads\/2020\/09\/SLIDER4-Hidro-80-HIC-400x267.jpg 400w, https:\/\/www.fugar.com\/wp-content\/uploads\/2020\/09\/SLIDER4-Hidro-80-HIC.jpg 600w\" sizes=\"(max-width: 800px) 100vw, 300px\" alt=\"\" title=\"\"><\/span><\/li><li class=\"image\"><span class=\"fusion-image-hover-element hover-type-none\"><img decoding=\"async\" src=\"http:\/\/www.fugar.com\/wp-content\/uploads\/2020\/09\/SLIDER6-Hidro-80-HI-300x200.jpg\" width=\"300\" height=\"200\" class=\"wp-image-3242\" srcset=\"https:\/\/www.fugar.com\/wp-content\/uploads\/2020\/09\/SLIDER6-Hidro-80-HI-200x133.jpg 200w, https:\/\/www.fugar.com\/wp-content\/uploads\/2020\/09\/SLIDER6-Hidro-80-HI-400x267.jpg 400w, https:\/\/www.fugar.com\/wp-content\/uploads\/2020\/09\/SLIDER6-Hidro-80-HI.jpg 600w\" sizes=\"(max-width: 800px) 100vw, 300px\" alt=\"\" title=\"\"><\/span><\/li><li class=\"image\"><span class=\"fusion-image-hover-element hover-type-none\"><img decoding=\"async\" src=\"http:\/\/www.fugar.com\/wp-content\/uploads\/2020\/09\/SLIDER6-Hidro-80-HIC-300x200.jpg\" width=\"300\" height=\"200\" class=\"wp-image-3229\" srcset=\"https:\/\/www.fugar.com\/wp-content\/uploads\/2020\/09\/SLIDER6-Hidro-80-HIC-200x133.jpg 200w, https:\/\/www.fugar.com\/wp-content\/uploads\/2020\/09\/SLIDER6-Hidro-80-HIC-400x267.jpg 400w, https:\/\/www.fugar.com\/wp-content\/uploads\/2020\/09\/SLIDER6-Hidro-80-HIC.jpg 600w\" sizes=\"(max-width: 800px) 100vw, 300px\" alt=\"\" title=\"\"><\/span><\/li><\/ul><\/div><div class=\"fusion-align-block\"><a class=\"fusion-button button-flat button-medium button-custom fusion-button-default button-1 fusion-button-span-yes fusion-button-default-type fusion-has-button-gradient\" style=\"--button_accent_color:rgba(255,255,255,0.75);--button_accent_hover_color:rgba(255,255,255,0.9);--button_border_hover_color:rgba(255,255,255,0.9);--button-border-radius-top-left:1px;--button-border-radius-top-right:1px;--button-border-radius-bottom-right:1px;--button-border-radius-bottom-left:1px;--button_gradient_top_color:#000000;--button_gradient_bottom_color:#000000;--button_gradient_top_color_hover:#afafaf;--button_gradient_bottom_color_hover:rgba(255,255,255,0.035);\" target=\"_self\"><span class=\"fusion-button-text\">REQUEST MORE INFORMATION<\/span><\/a><\/div><div class=\"fusion-image-element in-legacy-container\" style=\"--awb-caption-title-font-family:var(--h2_typography-font-family);--awb-caption-title-font-weight:var(--h2_typography-font-weight);--awb-caption-title-font-style:var(--h2_typography-font-style);--awb-caption-title-size:var(--h2_typography-font-size);--awb-caption-title-transform:var(--h2_typography-text-transform);--awb-caption-title-line-height:var(--h2_typography-line-height);--awb-caption-title-letter-spacing:var(--h2_typography-letter-spacing);\"><span class=\"fusion-imageframe imageframe-none imageframe-1 hover-type-none\"><img decoding=\"async\" width=\"750\" height=\"1024\" title=\"Captura de pantalla 2020-09-06 a las 21.12.42\" src=\"http:\/\/www.fugar.com\/wp-content\/uploads\/2020\/09\/Captura-de-pantalla-2020-09-06-a-las-21.12.42-750x1024.png\" class=\"img-responsive wp-image-3227\" srcset=\"https:\/\/www.fugar.com\/wp-content\/uploads\/2020\/09\/Captura-de-pantalla-2020-09-06-a-las-21.12.42-200x273.png 200w, https:\/\/www.fugar.com\/wp-content\/uploads\/2020\/09\/Captura-de-pantalla-2020-09-06-a-las-21.12.42-400x546.png 400w, https:\/\/www.fugar.com\/wp-content\/uploads\/2020\/09\/Captura-de-pantalla-2020-09-06-a-las-21.12.42-600x819.png 600w, https:\/\/www.fugar.com\/wp-content\/uploads\/2020\/09\/Captura-de-pantalla-2020-09-06-a-las-21.12.42-800x1092.png 800w, https:\/\/www.fugar.com\/wp-content\/uploads\/2020\/09\/Captura-de-pantalla-2020-09-06-a-las-21.12.42-1200x1638.png 1200w, https:\/\/www.fugar.com\/wp-content\/uploads\/2020\/09\/Captura-de-pantalla-2020-09-06-a-las-21.12.42.png 1492w\" sizes=\"(max-width: 800px) 100vw, 600px\" alt=\"\"><\/span><\/div><div class=\"fusion-section-separator section-separator bigtriangle fusion-section-separator-1\" style=\"--awb-spacer-height:99px;--awb-svg-margin-left:0;--awb-svg-margin-right:0;--awb-divider-height:99px;--awb-spacer-padding-top:inherit;--awb-sep-padding:0;--awb-svg-padding:0;\"><div class=\"fusion-section-separator-svg\"><svg class=\"fusion-big-triangle-candy\" xmlns=\"http:\/\/www.w3.org\/2000\/svg\" version=\"1.1\" width=\"100%\" height=\"100\" viewbox=\"0 0 100 100\" preserveaspectratio=\"none\" fill=\"rgba(255,255,255,1)\"><path d=\"M0 100 L50 2 L100 100 Z\"><\/path><\/svg><\/div><div class=\"fusion-section-separator-spacer\"><div class=\"fusion-section-separator-spacer-height\"><\/div><\/div><\/div><div class=\"fusion-image-element fusion-image-align-center in-legacy-container\" style=\"text-align:center;--awb-caption-title-font-family:var(--h2_typography-font-family);--awb-caption-title-font-weight:var(--h2_typography-font-weight);--awb-caption-title-font-style:var(--h2_typography-font-style);--awb-caption-title-size:var(--h2_typography-font-size);--awb-caption-title-transform:var(--h2_typography-text-transform);--awb-caption-title-line-height:var(--h2_typography-line-height);--awb-caption-title-letter-spacing:var(--h2_typography-letter-spacing);\"><div class=\"imageframe-align-center\"><span class=\"fusion-imageframe imageframe-none imageframe-2 hover-type-none\"><img decoding=\"async\" width=\"770\" height=\"1024\" title=\"Captura de pantalla 2020-09-06 a las 21.12.52\" src=\"http:\/\/www.fugar.com\/wp-content\/uploads\/2020\/09\/Captura-de-pantalla-2020-09-06-a-las-21.12.52-770x1024.png\" class=\"img-responsive wp-image-3228\" srcset=\"https:\/\/www.fugar.com\/wp-content\/uploads\/2020\/09\/Captura-de-pantalla-2020-09-06-a-las-21.12.52-200x266.png 200w, https:\/\/www.fugar.com\/wp-content\/uploads\/2020\/09\/Captura-de-pantalla-2020-09-06-a-las-21.12.52-400x532.png 400w, https:\/\/www.fugar.com\/wp-content\/uploads\/2020\/09\/Captura-de-pantalla-2020-09-06-a-las-21.12.52-600x798.png 600w, https:\/\/www.fugar.com\/wp-content\/uploads\/2020\/09\/Captura-de-pantalla-2020-09-06-a-las-21.12.52-800x1064.png 800w, https:\/\/www.fugar.com\/wp-content\/uploads\/2020\/09\/Captura-de-pantalla-2020-09-06-a-las-21.12.52-1200x1595.png 1200w, https:\/\/www.fugar.com\/wp-content\/uploads\/2020\/09\/Captura-de-pantalla-2020-09-06-a-las-21.12.52.png 1542w\" sizes=\"(max-width: 800px) 100vw, 600px\" alt=\"\"><\/span><\/div><\/div><div class=\"fusion-clearfix\"><\/div><\/div><\/div><\/div><\/div><\/p>","protected":false},"excerpt":{"rendered":"","protected":false},"author":1,"featured_media":0,"parent":0,"menu_order":0,"comment_status":"closed","ping_status":"open","template":"100-width.php","meta":{"_bbp_topic_count":0,"_bbp_reply_count":0,"_bbp_total_topic_count":0,"_bbp_total_reply_count":0,"_bbp_voice_count":0,"_bbp_anonymous_reply_count":0,"_bbp_topic_count_hidden":0,"_bbp_reply_count_hidden":0,"_bbp_forum_subforum_count":0,"footnotes":""},"class_list":["post-3240","page","type-page","status-publish","hentry"],"amp_enabled":false,"_links":{"self":[{"href":"https:\/\/www.fugar.com\/en\/wp-json\/wp\/v2\/pages\/3240","targetHints":{"allow":["GET"]}}],"collection":[{"href":"https:\/\/www.fugar.com\/en\/wp-json\/wp\/v2\/pages"}],"about":[{"href":"https:\/\/www.fugar.com\/en\/wp-json\/wp\/v2\/types\/page"}],"author":[{"embeddable":true,"href":"https:\/\/www.fugar.com\/en\/wp-json\/wp\/v2\/users\/1"}],"replies":[{"embeddable":true,"href":"https:\/\/www.fugar.com\/en\/wp-json\/wp\/v2\/comments?post=3240"}],"version-history":[{"count":4,"href":"https:\/\/www.fugar.com\/en\/wp-json\/wp\/v2\/pages\/3240\/revisions"}],"predecessor-version":[{"id":3840,"href":"https:\/\/www.fugar.com\/en\/wp-json\/wp\/v2\/pages\/3240\/revisions\/3840"}],"wp:attachment":[{"href":"https:\/\/www.fugar.com\/en\/wp-json\/wp\/v2\/media?parent=3240"}],"curies":[{"name":"wp","href":"https:\/\/api.w.org\/{rel}","templated":true}]}}