{"id":3348,"date":"2020-09-22T15:37:41","date_gmt":"2020-09-22T15:37:41","guid":{"rendered":"http:\/\/www.fugar.com\/?page_id=3348"},"modified":"2021-01-14T15:46:44","modified_gmt":"2021-01-14T15:46:44","slug":"chimenea-rf-200","status":"publish","type":"page","link":"https:\/\/www.fugar.com\/en\/chimenea-rf-200\/","title":{"rendered":"Chimenea RF \u2013 200"},"content":{"rendered":"<p><div class=\"fusion-fullwidth fullwidth-box fusion-builder-row-1 nonhundred-percent-fullwidth non-hundred-percent-height-scrolling\" style=\"--awb-border-radius-top-left:0px;--awb-border-radius-top-right:0px;--awb-border-radius-bottom-right:0px;--awb-border-radius-bottom-left:0px;--awb-padding-right:0px;--awb-padding-left:0px;--awb-margin-top:0px;--awb-background-color:#000000;--awb-flex-wrap:wrap;\" ><div class=\"fusion-builder-row fusion-row\"><div class=\"fusion-layout-column fusion_builder_column fusion-builder-column-0 fusion_builder_column_1_1 1_1 fusion-one-full fusion-column-first fusion-column-last\" style=\"--awb-bg-size:cover;--awb-margin-bottom:0px;\"><div class=\"fusion-column-wrapper fusion-column-has-shadow fusion-flex-column-wrapper-legacy\"><div class=\"fusion-text fusion-text-1\"><p><center><span style=\"color: white;\">CHIMENEA HIDRO-80-HI<\/span><\/center><\/p>\n<\/div><div class=\"fusion-clearfix\"><\/div><\/div><\/div><\/div><\/div><div class=\"fusion-fullwidth fullwidth-box fusion-builder-row-2 nonhundred-percent-fullwidth non-hundred-percent-height-scrolling\" style=\"--awb-background-position:left top;--awb-border-radius-top-left:0px;--awb-border-radius-top-right:0px;--awb-border-radius-bottom-right:0px;--awb-border-radius-bottom-left:0px;--awb-padding-top:0px;--awb-padding-bottom:130px;--awb-margin-top:0px;--awb-border-sizes-top:0px;--awb-border-sizes-bottom:0px;--awb-flex-wrap:wrap;\" ><div class=\"fusion-builder-row fusion-row\"><div class=\"fusion-layout-column fusion_builder_column fusion-builder-column-1 fusion_builder_column_1_2 1_2 fusion-one-half fusion-column-first\" style=\"--awb-bg-color:#ededed;--awb-bg-color-hover:#ededed;--awb-bg-size:cover;width:48%; margin-right: 4%;\"><div class=\"fusion-column-wrapper fusion-flex-column-wrapper-legacy\"><div class=\"fusion-text fusion-text-2\"><h3>Caracter\u00edsticas de Fabricaci\u00f3n<\/h3>\n<p><b>El recuperador de aire est\u00e1 construido en acero al carbono esmaltado.<\/b><\/p>\n<p>La caldera y c\u00e1mara de combusti\u00f3n est\u00e1n fabricadas en acero laminado electrosoldado con sistema de hilo continuo y mecanizado con tecnolog\u00eda l\u00e1ser. El interior se encuentra totalmente acorazado mediante tres tipos de material f\u00e1cilmente desmontable, (acero plegado de 8mm uso intensivo), (acero plegado de 3mm, o vermiculita uso moderado), dispuestas en sus alojamientos por un innovador sistema que por gravedad mantiene cada elemento en su lugar sin que le afecten las dilataciones y eliminando las uniones mediante tornillos y masillas. Ello da como resultado el sistema de caldera m\u00e1s duradero del mercado.<\/p>\n<p>Posee una ligera puerta con un gran cristal vitrocer\u00e1mico inalterable resistiendo temperaturas de hasta\u00a0<b>1200\u00baC<\/b>, con el contorno serigrafiado y montado de modo que oculta el marco met\u00e1lico. Los mecanismos de apertura por mano fr\u00eda le permitir\u00e1n una visi\u00f3n panor\u00e1mica del espect\u00e1culo del fuego con total seguridad.<\/p>\n<p>Los elementos articulados y componentes el\u00e9ctricos son fabricados con\u00a0<b>materiales cer\u00e1micos y aleaciones especiales de muy sencilla sustituci\u00f3n<\/b>.<\/p>\n<p>Todas las piezas por separado y en su conjunto han sido homologadas. Nuestro gabinete t\u00e9cnico las ha sometido a las pruebas m\u00e1s duras en condiciones l\u00edmite, dando como resultado un aparato de gama alta tanto en calidad como en rendimiento. Todo ello en un conjunto de materiales nobles que forman un compendio de la m\u00e1s avanzada tecnolog\u00eda.<\/p>\n<h3>Prestaciones<\/h3>\n<p>Nuestri compromiso tecnol\u00f3gico nos proyecta en una evoluci\u00f3n constante que da satisfacci\u00f3n a miles de usuarios. Lo cual se consigue creando sistemas revolucionarios a base de a\u00f1os de investigaci\u00f3n realizando inversiones en tecnolog\u00eda punta y aplicando metodolog\u00eda de ingenier\u00eda concurrente. Ello nos permite lanzar al mercado esta magn\u00edfica estufa que produce 10 Kw. de energ\u00eda con solo dos Kg. de le\u00f1a y que mediante aportaciones de aire secundario a diferentes temperaturas, crea un barrido que ayuda a evitar el ensuciamiento del cristal, consiguiendo una combusti\u00f3n lenta con un alt\u00edsimo rendimiento, quemando casi por completo los gases que en cualquier otro aparato contaminan la atm\u00f3sfera y ensucian los conductos de humos. Esta estufa es de prestaciones muy elevadas, quemando tanto la le\u00f1a seca como las briquetas de serr\u00edn. Accionando el mando situado en la zona superior derecha, regulara el aire secundario necesario para una optima combusti\u00f3n y limpieza de cristal, y el mando situado en el frente del caj\u00f3n, nos permitir\u00e1 regular de forma muy sencilla el aire primario necesario para cada combustible.<\/p>\n<p>La estufa RF200 est\u00e1 dotada de sistema de circulaci\u00f3n de aire caliente, por convecci\u00f3n natural y forzado, todos los elementos el\u00e9ctricos, cableados, conexiones, etc\u2026, son materiales de primera calidad montados sobre un kit extra\u00edble que facilita su manipulaci\u00f3n sin necesidad de desplazamientos. Incorpora un conmutador con termostato de automatismo, que le permitir\u00e1 seleccionar dos velocidades. El sistema de aislamiento ign\u00edfugo proteger\u00e1 el aparato ante un fallo en el suministro el\u00e9ctrico de aver\u00edas por sobrecalentamiento.<\/p>\n<\/div><div class=\"fusion-clearfix\"><\/div><\/div><\/div><div class=\"fusion-layout-column fusion_builder_column fusion-builder-column-2 fusion_builder_column_1_2 1_2 fusion-one-half fusion-column-last\" style=\"--awb-bg-color:#ffffff;--awb-bg-color-hover:#ffffff;--awb-bg-size:cover;--awb-margin-top:35px;--awb-margin-bottom:0px;width:48%;\"><div class=\"fusion-column-wrapper fusion-flex-column-wrapper-legacy\"><div class=\"fusion-slider-sc fusion-flexslider-loading flexslider flexslider-hover-type-none\" data-slideshow_autoplay=\"1\" data-slideshow_smooth_height=\"1\" data-slideshow_speed=\"2150\" style=\"max-width:100%;height:100%;margin-bottom:2px;\"><ul class=\"slides\"><li class=\"image\"><span class=\"fusion-image-hover-element hover-type-none\"><img decoding=\"async\" src=\"https:\/\/www.fugar.com\/wp-content\/uploads\/2020\/09\/TNC_200_SOBRE-TARIMA-rend-copia.jpg\" width=\"2000\" height=\"1667\" class=\"wp-image-3529\" srcset=\"https:\/\/www.fugar.com\/wp-content\/uploads\/2020\/09\/TNC_200_SOBRE-TARIMA-rend-copia-200x167.jpg 200w, https:\/\/www.fugar.com\/wp-content\/uploads\/2020\/09\/TNC_200_SOBRE-TARIMA-rend-copia-400x333.jpg 400w, https:\/\/www.fugar.com\/wp-content\/uploads\/2020\/09\/TNC_200_SOBRE-TARIMA-rend-copia-600x500.jpg 600w, https:\/\/www.fugar.com\/wp-content\/uploads\/2020\/09\/TNC_200_SOBRE-TARIMA-rend-copia-800x667.jpg 800w, https:\/\/www.fugar.com\/wp-content\/uploads\/2020\/09\/TNC_200_SOBRE-TARIMA-rend-copia-1200x1000.jpg 1200w, https:\/\/www.fugar.com\/wp-content\/uploads\/2020\/09\/TNC_200_SOBRE-TARIMA-rend-copia.jpg 2000w\" sizes=\"(max-width: 800px) 100vw, 600px\" alt=\"\" title=\"\"><\/span><\/li><li class=\"image\"><span class=\"fusion-image-hover-element hover-type-none\"><img decoding=\"async\" src=\"https:\/\/www.fugar.com\/wp-content\/uploads\/2020\/09\/TNC_200_EMPOT-retoc.jpg\" width=\"2000\" height=\"1500\" class=\"wp-image-3530\" srcset=\"https:\/\/www.fugar.com\/wp-content\/uploads\/2020\/09\/TNC_200_EMPOT-retoc-200x150.jpg 200w, https:\/\/www.fugar.com\/wp-content\/uploads\/2020\/09\/TNC_200_EMPOT-retoc-400x300.jpg 400w, https:\/\/www.fugar.com\/wp-content\/uploads\/2020\/09\/TNC_200_EMPOT-retoc-600x450.jpg 600w, https:\/\/www.fugar.com\/wp-content\/uploads\/2020\/09\/TNC_200_EMPOT-retoc-800x600.jpg 800w, https:\/\/www.fugar.com\/wp-content\/uploads\/2020\/09\/TNC_200_EMPOT-retoc-1200x900.jpg 1200w, https:\/\/www.fugar.com\/wp-content\/uploads\/2020\/09\/TNC_200_EMPOT-retoc.jpg 2000w\" sizes=\"(max-width: 800px) 100vw, 600px\" alt=\"\" title=\"\"><\/span><\/li><li class=\"image\"><span class=\"fusion-image-hover-element hover-type-none\"><img decoding=\"async\" src=\"https:\/\/www.fugar.com\/wp-content\/uploads\/2020\/09\/SLIDER3-Hidro-80-HIC-300x200.jpg\" width=\"300\" height=\"200\" class=\"wp-image-3232\" srcset=\"https:\/\/www.fugar.com\/wp-content\/uploads\/2020\/09\/SLIDER3-Hidro-80-HIC-200x133.jpg 200w, https:\/\/www.fugar.com\/wp-content\/uploads\/2020\/09\/SLIDER3-Hidro-80-HIC-400x267.jpg 400w, https:\/\/www.fugar.com\/wp-content\/uploads\/2020\/09\/SLIDER3-Hidro-80-HIC.jpg 600w\" sizes=\"(max-width: 800px) 100vw, 300px\" alt=\"\" title=\"\"><\/span><\/li><li class=\"image\"><span class=\"fusion-image-hover-element hover-type-none\"><img decoding=\"async\" src=\"https:\/\/www.fugar.com\/wp-content\/uploads\/2020\/09\/SLIDER4-Hidro-80-HIC-300x200.jpg\" width=\"300\" height=\"200\" class=\"wp-image-3231\" srcset=\"https:\/\/www.fugar.com\/wp-content\/uploads\/2020\/09\/SLIDER4-Hidro-80-HIC-200x133.jpg 200w, https:\/\/www.fugar.com\/wp-content\/uploads\/2020\/09\/SLIDER4-Hidro-80-HIC-400x267.jpg 400w, https:\/\/www.fugar.com\/wp-content\/uploads\/2020\/09\/SLIDER4-Hidro-80-HIC.jpg 600w\" sizes=\"(max-width: 800px) 100vw, 300px\" alt=\"\" title=\"\"><\/span><\/li><li class=\"image\"><span class=\"fusion-image-hover-element hover-type-none\"><img decoding=\"async\" src=\"https:\/\/www.fugar.com\/wp-content\/uploads\/2020\/09\/SLIDER6-Hidro-80-HI-300x200.jpg\" width=\"300\" height=\"200\" class=\"wp-image-3242\" srcset=\"https:\/\/www.fugar.com\/wp-content\/uploads\/2020\/09\/SLIDER6-Hidro-80-HI-200x133.jpg 200w, https:\/\/www.fugar.com\/wp-content\/uploads\/2020\/09\/SLIDER6-Hidro-80-HI-400x267.jpg 400w, https:\/\/www.fugar.com\/wp-content\/uploads\/2020\/09\/SLIDER6-Hidro-80-HI.jpg 600w\" sizes=\"(max-width: 800px) 100vw, 300px\" alt=\"\" title=\"\"><\/span><\/li><li class=\"image\"><span class=\"fusion-image-hover-element hover-type-none\"><img decoding=\"async\" src=\"https:\/\/www.fugar.com\/wp-content\/uploads\/2020\/09\/SLIDER6-Hidro-80-HIC-300x200.jpg\" width=\"300\" height=\"200\" class=\"wp-image-3229\" srcset=\"https:\/\/www.fugar.com\/wp-content\/uploads\/2020\/09\/SLIDER6-Hidro-80-HIC-200x133.jpg 200w, https:\/\/www.fugar.com\/wp-content\/uploads\/2020\/09\/SLIDER6-Hidro-80-HIC-400x267.jpg 400w, https:\/\/www.fugar.com\/wp-content\/uploads\/2020\/09\/SLIDER6-Hidro-80-HIC.jpg 600w\" sizes=\"(max-width: 800px) 100vw, 300px\" alt=\"\" title=\"\"><\/span><\/li><\/ul><\/div><div class=\"fusion-align-block\"><a class=\"fusion-button button-flat button-medium button-custom fusion-button-default button-1 fusion-button-span-yes fusion-button-default-type fusion-has-button-gradient\" style=\"--button_accent_color:rgba(255,255,255,0.75);--button_accent_hover_color:rgba(255,255,255,0.9);--button_border_hover_color:rgba(255,255,255,0.9);--button-border-radius-top-left:1px;--button-border-radius-top-right:1px;--button-border-radius-bottom-right:1px;--button-border-radius-bottom-left:1px;--button_gradient_top_color:#000000;--button_gradient_bottom_color:#000000;--button_gradient_top_color_hover:#afafaf;--button_gradient_bottom_color_hover:rgba(255,255,255,0.035);\" target=\"_self\"><span class=\"fusion-button-text\">REQUEST MORE INFORMATION<\/span><\/a><\/div><div class=\"fusion-section-separator section-separator bigtriangle fusion-section-separator-1\" style=\"--awb-spacer-height:99px;--awb-svg-margin-left:0;--awb-svg-margin-right:0;--awb-divider-height:99px;--awb-spacer-padding-top:inherit;--awb-sep-padding:0;--awb-svg-padding:0;\"><div class=\"fusion-section-separator-svg\"><svg class=\"fusion-big-triangle-candy\" xmlns=\"http:\/\/www.w3.org\/2000\/svg\" version=\"1.1\" width=\"100%\" height=\"100\" viewbox=\"0 0 100 100\" preserveaspectratio=\"none\" fill=\"rgba(255,255,255,1)\"><path d=\"M0 100 L50 2 L100 100 Z\"><\/path><\/svg><\/div><div class=\"fusion-section-separator-spacer\"><div class=\"fusion-section-separator-spacer-height\"><\/div><\/div><\/div><div class=\"fusion-text fusion-text-3\"><table style=\"height: 335px;\" width=\"542\">\n<tbody>\n<tr>\n<td><strong>Rendimiento M\u00ednimo Nominal<\/strong><\/td>\n<td>76%<\/td>\n<\/tr>\n<tr>\n<td><strong>Rendimiento M\u00e1ximo seg\u00fan Instalaci\u00f3n<\/strong><\/td>\n<td>81,5%<\/td>\n<\/tr>\n<tr>\n<td><strong>Potencia M\u00ednima Nominal<\/strong><\/td>\n<td>Con carga de 2 Kg.10 Kw. 8.600 Kcal\/h<\/td>\n<\/tr>\n<tr>\n<td><strong>Potencia M\u00e1xima<\/strong><\/td>\n<td>Con carga de 4 Kg.18 Kw. 15.480 Kcal\/h<\/td>\n<\/tr>\n<tr>\n<td><strong>Concentraci\u00f3n Co Medio a 13% O2<\/strong><\/td>\n<td>0.35%<\/td>\n<\/tr>\n<tr>\n<td><strong>Di\u00e1metro Chimenea<\/strong><\/td>\n<td>150\u00a0mm.<\/td>\n<\/tr>\n<tr>\n<td><strong>Admisi\u00f3n De Troncos<\/strong><\/td>\n<td>40 cm.<\/td>\n<\/tr>\n<tr>\n<td><strong>Volumen a calentar segu\u0301n zona clima\u0301tica y aislamiento<\/strong><\/td>\n<td>325 m<sup>3<\/sup><\/td>\n<\/tr>\n<\/tbody>\n<\/table>\n<\/div><div class=\"fusion-image-element in-legacy-container\" style=\"--awb-caption-title-font-family:var(--h2_typography-font-family);--awb-caption-title-font-weight:var(--h2_typography-font-weight);--awb-caption-title-font-style:var(--h2_typography-font-style);--awb-caption-title-size:var(--h2_typography-font-size);--awb-caption-title-transform:var(--h2_typography-text-transform);--awb-caption-title-line-height:var(--h2_typography-line-height);--awb-caption-title-letter-spacing:var(--h2_typography-letter-spacing);\"><span class=\"fusion-imageframe imageframe-none imageframe-1 hover-type-none\"><img decoding=\"async\" width=\"866\" height=\"437\" title=\"image\" src=\"https:\/\/www.fugar.com\/wp-content\/uploads\/2020\/09\/image.jpg\" class=\"img-responsive wp-image-3528\" srcset=\"https:\/\/www.fugar.com\/wp-content\/uploads\/2020\/09\/image-200x101.jpg 200w, https:\/\/www.fugar.com\/wp-content\/uploads\/2020\/09\/image-400x202.jpg 400w, https:\/\/www.fugar.com\/wp-content\/uploads\/2020\/09\/image-600x303.jpg 600w, https:\/\/www.fugar.com\/wp-content\/uploads\/2020\/09\/image-800x404.jpg 800w, https:\/\/www.fugar.com\/wp-content\/uploads\/2020\/09\/image.jpg 866w\" sizes=\"(max-width: 800px) 100vw, 600px\" alt=\"\"><\/span><\/div><div class=\"fusion-image-element fusion-image-align-center in-legacy-container\" style=\"text-align:center;--awb-caption-title-font-family:var(--h2_typography-font-family);--awb-caption-title-font-weight:var(--h2_typography-font-weight);--awb-caption-title-font-style:var(--h2_typography-font-style);--awb-caption-title-size:var(--h2_typography-font-size);--awb-caption-title-transform:var(--h2_typography-text-transform);--awb-caption-title-line-height:var(--h2_typography-line-height);--awb-caption-title-letter-spacing:var(--h2_typography-letter-spacing);\"><div class=\"imageframe-align-center\"><span class=\"fusion-imageframe imageframe-none imageframe-2 hover-type-none\"><img decoding=\"async\" width=\"221\" height=\"300\" title=\"rf200\" src=\"https:\/\/www.fugar.com\/wp-content\/uploads\/2020\/09\/rf200-221x300.jpg\" class=\"img-responsive wp-image-3531\" srcset=\"https:\/\/www.fugar.com\/wp-content\/uploads\/2020\/09\/rf200-200x271.jpg 200w, https:\/\/www.fugar.com\/wp-content\/uploads\/2020\/09\/rf200-400x542.jpg 400w, https:\/\/www.fugar.com\/wp-content\/uploads\/2020\/09\/rf200-600x813.jpg 600w, https:\/\/www.fugar.com\/wp-content\/uploads\/2020\/09\/rf200-800x1084.jpg 800w, https:\/\/www.fugar.com\/wp-content\/uploads\/2020\/09\/rf200-1200x1626.jpg 1200w, https:\/\/www.fugar.com\/wp-content\/uploads\/2020\/09\/rf200-scaled.jpg 1889w\" sizes=\"(max-width: 800px) 100vw, 600px\" alt=\"\"><\/span><\/div><\/div><div class=\"fusion-clearfix\"><\/div><\/div><\/div><\/div><\/div><\/p>","protected":false},"excerpt":{"rendered":"","protected":false},"author":1,"featured_media":0,"parent":0,"menu_order":0,"comment_status":"closed","ping_status":"open","template":"100-width.php","meta":{"_bbp_topic_count":0,"_bbp_reply_count":0,"_bbp_total_topic_count":0,"_bbp_total_reply_count":0,"_bbp_voice_count":0,"_bbp_anonymous_reply_count":0,"_bbp_topic_count_hidden":0,"_bbp_reply_count_hidden":0,"_bbp_forum_subforum_count":0,"footnotes":""},"class_list":["post-3348","page","type-page","status-publish","hentry"],"amp_enabled":false,"_links":{"self":[{"href":"https:\/\/www.fugar.com\/en\/wp-json\/wp\/v2\/pages\/3348","targetHints":{"allow":["GET"]}}],"collection":[{"href":"https:\/\/www.fugar.com\/en\/wp-json\/wp\/v2\/pages"}],"about":[{"href":"https:\/\/www.fugar.com\/en\/wp-json\/wp\/v2\/types\/page"}],"author":[{"embeddable":true,"href":"https:\/\/www.fugar.com\/en\/wp-json\/wp\/v2\/users\/1"}],"replies":[{"embeddable":true,"href":"https:\/\/www.fugar.com\/en\/wp-json\/wp\/v2\/comments?post=3348"}],"version-history":[{"count":4,"href":"https:\/\/www.fugar.com\/en\/wp-json\/wp\/v2\/pages\/3348\/revisions"}],"predecessor-version":[{"id":3642,"href":"https:\/\/www.fugar.com\/en\/wp-json\/wp\/v2\/pages\/3348\/revisions\/3642"}],"wp:attachment":[{"href":"https:\/\/www.fugar.com\/en\/wp-json\/wp\/v2\/media?parent=3348"}],"curies":[{"name":"wp","href":"https:\/\/api.w.org\/{rel}","templated":true}]}}