{"id":3461,"date":"2020-09-17T20:18:35","date_gmt":"2020-09-17T20:18:35","guid":{"rendered":"http:\/\/www.fugar.com\/?page_id=3461"},"modified":"2024-02-20T19:24:49","modified_gmt":"2024-02-20T19:24:49","slug":"barbacoa-metalica-cora","status":"publish","type":"page","link":"https:\/\/www.fugar.com\/en\/barbacoa-metalica-cora\/","title":{"rendered":"Barbacoa MET\u00c1LICA CORA"},"content":{"rendered":"<p><div class=\"fusion-fullwidth fullwidth-box fusion-builder-row-1 nonhundred-percent-fullwidth non-hundred-percent-height-scrolling\" style=\"--awb-border-radius-top-left:0px;--awb-border-radius-top-right:0px;--awb-border-radius-bottom-right:0px;--awb-border-radius-bottom-left:0px;--awb-margin-bottom:0px;--awb-background-color:#000000;--awb-flex-wrap:wrap;\" ><div class=\"fusion-builder-row fusion-row\"><div class=\"fusion-layout-column fusion_builder_column fusion-builder-column-0 fusion_builder_column_1_1 1_1 fusion-one-full fusion-column-first fusion-column-last\" style=\"--awb-bg-size:cover;--awb-margin-bottom:0px;\"><div class=\"fusion-column-wrapper fusion-column-has-shadow fusion-flex-column-wrapper-legacy\"><div class=\"fusion-title title fusion-title-1 fusion-sep-none fusion-title-text fusion-title-size-one\"><h1 class=\"fusion-title-heading title-heading-left fusion-responsive-typography-calculated\" style=\"margin:0;--fontSize:60;line-height:1.33;\"><h3><center><span style=\"color: #ffffff;\">CORA METALLIC BARBECUE<\/span><\/center><\/h1><\/div><div class=\"fusion-clearfix\"><\/div><\/div><\/div><\/div><\/div><div class=\"fusion-fullwidth fullwidth-box fusion-builder-row-2 nonhundred-percent-fullwidth non-hundred-percent-height-scrolling\" style=\"--awb-background-position:left top;--awb-border-sizes-top:0px;--awb-border-sizes-bottom:0px;--awb-border-sizes-left:0px;--awb-border-sizes-right:0px;--awb-border-radius-top-left:0px;--awb-border-radius-top-right:0px;--awb-border-radius-bottom-right:0px;--awb-border-radius-bottom-left:0px;--awb-padding-top:0px;--awb-padding-bottom:130px;--awb-margin-top:0px;--awb-flex-wrap:wrap;\" ><div class=\"fusion-builder-row fusion-row\"><div class=\"fusion-layout-column fusion_builder_column fusion-builder-column-1 fusion_builder_column_1_2 1_2 fusion-one-half fusion-column-first\" style=\"--awb-bg-color:#ededed;--awb-bg-color-hover:#ededed;--awb-bg-size:cover;--awb-margin-top:35px;--awb-margin-bottom:0px;width:48%; margin-right: 4%;\"><div class=\"fusion-column-wrapper fusion-flex-column-wrapper-legacy\"><div class=\"fusion-video fusion-youtube\" style=\"--awb-max-width:600px;--awb-max-height:360px;\"><div class=\"video-shortcode\"><div class=\"fluid-width-video-wrapper\" style=\"padding-top:60%;\" ><iframe title=\"YouTube video player 1\" src=\"https:\/\/www.youtube.com\/embed\/J6Nb_-QjM1w?wmode=transparent&autoplay=0\" width=\"600\" height=\"360\" allowfullscreen allow=\"autoplay; fullscreen\"><\/iframe><\/div><\/div><\/div><div class=\"fusion-text fusion-text-1\"><p><span class=\"OYPEnA text-decoration-none text-strikethrough-none\">La barbacoa<\/span> <span class=\"OYPEnA text-decoration-none text-strikethrough-none\">CORA presentada es un dise\u00f1o moderno y funcional, ideal para ambientes al aire libre como terrazas o patios. En el lado derecho, dispone de una parrilla de asar robusta, dise\u00f1ada para cocinar alimentos de manera uniforme. El lado izquierdo cuenta con una base de madera que proporciona un espacio amplio y estable para apoyar los alimentos, utensilios o condimentos necesarios durante la preparaci\u00f3n de la comida. Debajo, hay una repisa espaciosa que sirve como almacenamiento adicional, perfecta para colocar le\u00f1a, platos, herramientas de barbacoa o cualquier otro elemento necesario para la experiencia de asado. El conjunto se sostiene sobre una estructura met\u00e1lica resistente que asegura durabilidad y estabilidad, mientras que su est\u00e9tica minimalista y elegante complementa cualquier configuraci\u00f3n al aire libre.<\/span><\/p>\n<\/div><div class=\"fusion-clearfix\"><\/div><\/div><\/div><div class=\"fusion-layout-column fusion_builder_column fusion-builder-column-2 fusion_builder_column_1_2 1_2 fusion-one-half fusion-column-last\" style=\"--awb-bg-color:#ffffff;--awb-bg-color-hover:#ffffff;--awb-bg-size:cover;--awb-margin-top:35px;--awb-margin-bottom:0px;width:48%;\"><div class=\"fusion-column-wrapper fusion-flex-column-wrapper-legacy\"><div class=\"fusion-image-element fusion-image-align-center in-legacy-container\" style=\"text-align:center;--awb-caption-title-font-family:var(--h2_typography-font-family);--awb-caption-title-font-weight:var(--h2_typography-font-weight);--awb-caption-title-font-style:var(--h2_typography-font-style);--awb-caption-title-size:var(--h2_typography-font-size);--awb-caption-title-transform:var(--h2_typography-text-transform);--awb-caption-title-line-height:var(--h2_typography-line-height);--awb-caption-title-letter-spacing:var(--h2_typography-letter-spacing);\"><div class=\"imageframe-align-center\"><span class=\"fusion-imageframe imageframe-none imageframe-1 hover-type-none\"><img decoding=\"async\" width=\"600\" height=\"400\" title=\"kora\" src=\"https:\/\/www.fugar.com\/wp-content\/uploads\/2020\/09\/kora.jpg\" class=\"img-responsive wp-image-3261\" srcset=\"https:\/\/www.fugar.com\/wp-content\/uploads\/2020\/09\/kora-200x133.jpg 200w, https:\/\/www.fugar.com\/wp-content\/uploads\/2020\/09\/kora-400x267.jpg 400w, https:\/\/www.fugar.com\/wp-content\/uploads\/2020\/09\/kora.jpg 600w\" sizes=\"(max-width: 800px) 100vw, 600px\" alt=\"\"><\/span><\/div><\/div><div class=\"fusion-sep-clear\"><\/div><div class=\"fusion-separator fusion-full-width-sep\" style=\"margin-left: auto;margin-right: auto;width:100%;\"><div class=\"fusion-separator-border sep-double\" style=\"--awb-height:20px;--awb-amount:20px;border-color:#e0dede;border-top-width:1px;border-bottom-width:1px;\"><\/div><\/div><div class=\"fusion-sep-clear\"><\/div><div class=\"fusion-align-block\"><a class=\"fusion-button button-flat button-medium button-custom fusion-button-default button-1 fusion-button-span-yes fusion-button-default-type fusion-has-button-gradient\" style=\"--button_accent_color:rgba(255,255,255,0.75);--button_accent_hover_color:rgba(255,255,255,0.9);--button_border_hover_color:rgba(255,255,255,0.9);--button-border-radius-top-left:1px;--button-border-radius-top-right:1px;--button-border-radius-bottom-right:1px;--button-border-radius-bottom-left:1px;--button_gradient_top_color:#000000;--button_gradient_bottom_color:#000000;--button_gradient_top_color_hover:#afafaf;--button_gradient_bottom_color_hover:rgba(255,255,255,0.035);\" target=\"_self\" href=\"https:\/\/www.fugar.com\/en\/contacto\/\"><span class=\"fusion-button-text\">REQUEST MORE INFORMATION<\/span><\/a><\/div><div class=\"fusion-clearfix\"><\/div><\/div><\/div><\/div><\/div><\/p>","protected":false},"excerpt":{"rendered":"","protected":false},"author":1,"featured_media":0,"parent":0,"menu_order":0,"comment_status":"closed","ping_status":"open","template":"100-width.php","meta":{"_bbp_topic_count":0,"_bbp_reply_count":0,"_bbp_total_topic_count":0,"_bbp_total_reply_count":0,"_bbp_voice_count":0,"_bbp_anonymous_reply_count":0,"_bbp_topic_count_hidden":0,"_bbp_reply_count_hidden":0,"_bbp_forum_subforum_count":0,"footnotes":""},"class_list":["post-3461","page","type-page","status-publish","hentry"],"amp_enabled":false,"_links":{"self":[{"href":"https:\/\/www.fugar.com\/en\/wp-json\/wp\/v2\/pages\/3461","targetHints":{"allow":["GET"]}}],"collection":[{"href":"https:\/\/www.fugar.com\/en\/wp-json\/wp\/v2\/pages"}],"about":[{"href":"https:\/\/www.fugar.com\/en\/wp-json\/wp\/v2\/types\/page"}],"author":[{"embeddable":true,"href":"https:\/\/www.fugar.com\/en\/wp-json\/wp\/v2\/users\/1"}],"replies":[{"embeddable":true,"href":"https:\/\/www.fugar.com\/en\/wp-json\/wp\/v2\/comments?post=3461"}],"version-history":[{"count":4,"href":"https:\/\/www.fugar.com\/en\/wp-json\/wp\/v2\/pages\/3461\/revisions"}],"predecessor-version":[{"id":3804,"href":"https:\/\/www.fugar.com\/en\/wp-json\/wp\/v2\/pages\/3461\/revisions\/3804"}],"wp:attachment":[{"href":"https:\/\/www.fugar.com\/en\/wp-json\/wp\/v2\/media?parent=3461"}],"curies":[{"name":"wp","href":"https:\/\/api.w.org\/{rel}","templated":true}]}}